{"id":1642,"date":"2022-04-21T22:04:46","date_gmt":"2022-04-21T20:04:46","guid":{"rendered":"http:\/\/fof.aero\/?page_id=1642"},"modified":"2025-09-06T11:21:44","modified_gmt":"2025-09-06T11:21:44","slug":"agenda-2023","status":"publish","type":"page","link":"https:\/\/fof.aero\/en\/agenda-2023\/","title":{"rendered":"Agenda 2023"},"content":{"rendered":"\n<p><strong>Communicate for SAFETY.<\/strong><\/p>\n\n\n\n<p><strong>Monday March <strong>27th<\/strong> 2023 at 19:00<\/strong><br>19:00&nbsp;Traditional Norwegian food and networking, followed by a presentation by RNoAF:<br>P-8 a giant leap for Maritime Patrol in RNoAF. By Major Anders Berge, RNoAF<\/p>\n\n\n\n<p><strong>Tuesday March&nbsp;28th<\/strong><br>\u2022 08:00 Registration and refreshments in the lobby<br>\u2022 09:00 Welcome by FoF<br>\u2022 09:20 Opening the conference, SVP Political affairs, Yngve Carlsen, Norse Atlantic Airways<br>\u2022 09:40 2022 &#8220;in review&#8221; by FoF<br>\u2022 10:00 Frontier LIT (Learning Improvement Team) by Captain Bengt Jansson, Frontier Airlines<br>\u2022 10:30 Coffee &#8211; Networking break<br>\u2022 11:00 Recruiting pilots to airlines \u2013 a difficult task? CEO Micke Eriksson, Pilot Flight Academy<br>\u2022 11:30 <strong>K<\/strong>nowledge <strong>A<\/strong>ll <strong>L<\/strong>eaders and <strong>M<\/strong>anagement (KALM) by Dai Whittingham, UK Flight Safety Committee<br>\u2022 12:20 \u201cBasics\u201d in a human aspect Nicklas Dahlstr\u00f6m, Human Factors, Emirates<br>\u2022 13:00 Lunch &#8211; Networking break<br>\u2022 14:00 &#8220;Did the EASA FTLs improve? At what cost?<em>\u201d<\/em>  Tomas Klemets, Jeppesen<br>\u2022 14:45 Coffee &#8211; Networking break<br>\u2022 15:15 Uncontained engine failure, Stephane Otin &amp; Angelique Lefevre, BEA<br>\u2022 19:30 Conference Dinner<br><br><strong>Wednesday March <strong>29th<\/strong>&nbsp;<\/strong><br>\u2022 08:00 Registration and refreshments in the lobby<br>\u2022 09:00 Opening comments by FoF<br>\u2022 09:10 \u201c6ft to impact\u201d, the hazards of GNSS approaches Nathalie de Ziegler, BEA<br>\u2022 10:00 Film &#8220;AF66 under ice&#8221;<br>\u2022 10:30 Coffee \u2013 Networking break <br>\u2022 11:00&nbsp;FoF &#8220;some issues&#8221;<br>\u2022 11:30 Kahoot quiz | The conference will continue in Norwegian<br>\u2022 12:00 Domino theory<br>\u2022 12:10 Kan vi straffe en ulykke? Advokat Christian Lundin, (advokat for vaktsjef p\u00e5 Helge Ingstad) og  Seniorforsker Stig Ole Johnsen, SINTEF<br>\u2022 13:00 Lunch &#8211; Networking break. <br>\u2022 13:45 fortsatt: Kan vi straffe en ulykke?<br>\u2022 14:45 Hvordan bidrar unders\u00f8kelser til \u00f8kt flysikkerhet? K\u00e5re Halvorsen, Statens havarikommisjon &#8211; SHK<br>\u2022 15:15 Vi avslutter, sees 8-10. april 2024<\/p>\n","protected":false},"excerpt":{"rendered":"<p>Communicate for SAFETY. Monday March 27th 2023 at 19:0019:00&nbsp;Traditional Norwegian food and networking, followed by a presentation by RNoAF:P-8 a giant leap for Maritime Patrol in RNoAF. By Major Anders Berge, RNoAF Tuesday March&nbsp;28th\u2022 08:00 Registration and refreshments in the lobby\u2022 09:00 Welcome by FoF\u2022 09:20 Opening the conference, SVP Political affairs, Yngve Carlsen, Norse&#8230;<\/p>\n","protected":false},"author":1,"featured_media":0,"parent":0,"menu_order":0,"comment_status":"closed","ping_status":"closed","template":"","meta":{"footnotes":""},"class_list":["post-1642","page","type-page","status-publish","hentry"],"translation":{"provider":"WPGlobus","version":"3.0.2","language":"en","enabled_languages":["no","en"],"languages":{"no":{"title":true,"content":true,"excerpt":false},"en":{"title":false,"content":false,"excerpt":false}}},"_links":{"self":[{"href":"https:\/\/fof.aero\/en\/wp-json\/wp\/v2\/pages\/1642","targetHints":{"allow":["GET"]}}],"collection":[{"href":"https:\/\/fof.aero\/en\/wp-json\/wp\/v2\/pages"}],"about":[{"href":"https:\/\/fof.aero\/en\/wp-json\/wp\/v2\/types\/page"}],"author":[{"embeddable":true,"href":"https:\/\/fof.aero\/en\/wp-json\/wp\/v2\/users\/1"}],"replies":[{"embeddable":true,"href":"https:\/\/fof.aero\/en\/wp-json\/wp\/v2\/comments?post=1642"}],"version-history":[{"count":1,"href":"https:\/\/fof.aero\/en\/wp-json\/wp\/v2\/pages\/1642\/revisions"}],"predecessor-version":[{"id":2957,"href":"https:\/\/fof.aero\/en\/wp-json\/wp\/v2\/pages\/1642\/revisions\/2957"}],"wp:attachment":[{"href":"https:\/\/fof.aero\/en\/wp-json\/wp\/v2\/media?parent=1642"}],"curies":[{"name":"wp","href":"https:\/\/api.w.org\/{rel}","templated":true}]}}