{"id":168,"date":"2016-10-07T12:21:22","date_gmt":"2016-10-07T10:21:22","guid":{"rendered":"http:\/\/fof.aero\/?page_id=168"},"modified":"2026-05-05T10:54:52","modified_gmt":"2026-05-05T10:54:52","slug":"arbeidsutvalg","status":"publish","type":"page","link":"https:\/\/fof.aero\/en\/arbeidsutvalg\/","title":{"rendered":"Arbeidsutvalg"},"content":{"rendered":"\t\t<div data-elementor-type=\"wp-page\" data-elementor-id=\"168\" class=\"elementor elementor-168\" data-elementor-post-type=\"page\">\n\t\t\t\t<div class=\"elementor-element elementor-element-6b074bc e-con-full e-flex e-con e-parent\" data-id=\"6b074bc\" data-element_type=\"container\">\n\t\t<div class=\"elementor-element elementor-element-e0b65f4 e-con-full e-flex e-con e-child\" data-id=\"e0b65f4\" data-element_type=\"container\">\n\t\t\t\t<div class=\"elementor-element elementor-element-1d8969a elementor-widget elementor-widget-text-editor\" data-id=\"1d8969a\" data-element_type=\"widget\" data-widget_type=\"text-editor.default\">\n\t\t\t\t<div class=\"elementor-widget-container\">\n\t\t\t\t\t\t\t\t\t<p><strong>Flyoperativt Forum er organisert med et styre registrert i Br\u00f8nn\u00f8ysund og et arbeidsutvalg som planlegger og tilrettelegger for den \u00e5rlige konferansen. Medlemmene i arbeidsutvalget er ressurspersoner i norsk luftfart som \u00f8nsker \u00e5 bidra til \u00e5 fremme det operative milj\u00f8et.<\/strong><\/p>\t\t\t\t\t\t\t\t<\/div>\n\t\t\t\t<\/div>\n\t\t\t\t<div class=\"elementor-element elementor-element-26645fb elementor-widget elementor-widget-image\" data-id=\"26645fb\" data-element_type=\"widget\" data-widget_type=\"image.default\">\n\t\t\t\t<div class=\"elementor-widget-container\">\n\t\t\t\t\t\t\t\t\t\t\t\t\t\t\t<img fetchpriority=\"high\" decoding=\"async\" width=\"640\" height=\"826\" src=\"https:\/\/fof.aero\/wp-content\/uploads\/2026\/04\/IMG_1494-793x1024.jpeg\" class=\"attachment-large size-large wp-image-3330\" alt=\"\" srcset=\"https:\/\/fof.aero\/wp-content\/uploads\/2026\/04\/IMG_1494-793x1024.jpeg 793w, https:\/\/fof.aero\/wp-content\/uploads\/2026\/04\/IMG_1494-232x300.jpeg 232w, https:\/\/fof.aero\/wp-content\/uploads\/2026\/04\/IMG_1494-768x992.jpeg 768w, https:\/\/fof.aero\/wp-content\/uploads\/2026\/04\/IMG_1494-1189x1536.jpeg 1189w, https:\/\/fof.aero\/wp-content\/uploads\/2026\/04\/IMG_1494-1586x2048.jpeg 1586w, https:\/\/fof.aero\/wp-content\/uploads\/2026\/04\/IMG_1494-scaled.jpeg 1982w\" sizes=\"(max-width: 640px) 100vw, 640px\" \/>\t\t\t\t\t\t\t\t\t\t\t\t\t\t\t<\/div>\n\t\t\t\t<\/div>\n\t\t<div class=\"elementor-element elementor-element-931bbc4 e-con-full e-flex e-con e-child\" data-id=\"931bbc4\" data-element_type=\"container\">\n\t\t\t\t<div class=\"elementor-element elementor-element-c2099d8 elementor-widget__width-initial elementor-widget elementor-widget-image\" data-id=\"c2099d8\" data-element_type=\"widget\" data-widget_type=\"image.default\">\n\t\t\t\t<div class=\"elementor-widget-container\">\n\t\t\t\t\t\t\t\t\t\t\t\t\t\t\t<img decoding=\"async\" width=\"640\" height=\"808\" src=\"https:\/\/fof.aero\/wp-content\/uploads\/2025\/05\/2025_maleri_bushnell_V2-811x1024.jpg\" class=\"attachment-large size-large wp-image-2866\" alt=\"\" srcset=\"https:\/\/fof.aero\/wp-content\/uploads\/2025\/05\/2025_maleri_bushnell_V2-811x1024.jpg 811w, https:\/\/fof.aero\/wp-content\/uploads\/2025\/05\/2025_maleri_bushnell_V2-238x300.jpg 238w, https:\/\/fof.aero\/wp-content\/uploads\/2025\/05\/2025_maleri_bushnell_V2-768x970.jpg 768w, https:\/\/fof.aero\/wp-content\/uploads\/2025\/05\/2025_maleri_bushnell_V2-1217x1536.jpg 1217w, https:\/\/fof.aero\/wp-content\/uploads\/2025\/05\/2025_maleri_bushnell_V2-1622x2048.jpg 1622w, https:\/\/fof.aero\/wp-content\/uploads\/2025\/05\/2025_maleri_bushnell_V2-scaled.jpg 2028w\" sizes=\"(max-width: 640px) 100vw, 640px\" \/>\t\t\t\t\t\t\t\t\t\t\t\t\t\t\t<\/div>\n\t\t\t\t<\/div>\n\t\t\t\t<div class=\"elementor-element elementor-element-5fc2be1 elementor-widget elementor-widget-text-editor\" data-id=\"5fc2be1\" data-element_type=\"widget\" data-widget_type=\"text-editor.default\">\n\t\t\t\t<div class=\"elementor-widget-container\">\n\t\t\t\t\t\t\t\t\t<p><b>Daglig leder<a href=\"http:\/\/www.linkedin.com\/pub\/morten-kjellesvig\/7\/833\/130x\"> Morten Kjellesvig<\/a><\/b> startet \u00e5 fly seilfly i 1978, har tjenestegjort 15 \u00e5r i Luftforsvaret der han fl\u00f8y F-16 og har fl\u00f8yet MD-80, Boeing 737 og Airbus 330 \/ 340 i SAS. Han har bakgrunn innen safety og havarietterforskning og har en MSc i Air Safety Management fra City University i London. Han driver ScandiAvia. Han underviste i Safety Risk Management og Accident Investigation ved City University i London frem til mars 2020. Han har ogs\u00e5 undervist ved USC og UiT. Morten har sluttet i SAS og arbeidet frem til august 2025 i Luftforsvaret ved Flytryggingsinspektoratet, han har siden 2012 ledet FoF. Morten fikk i april 2023 Luftfartstilsynets sikkerhetspris.<\/p>\t\t\t\t\t\t\t\t<\/div>\n\t\t\t\t<\/div>\n\t\t\t\t<\/div>\n\t\t<div class=\"elementor-element elementor-element-d61b11d e-con-full e-flex e-con e-child\" data-id=\"d61b11d\" data-element_type=\"container\">\n\t\t\t\t<div class=\"elementor-element elementor-element-c631f87 elementor-widget__width-initial elementor-widget elementor-widget-image\" data-id=\"c631f87\" data-element_type=\"widget\" data-widget_type=\"image.default\">\n\t\t\t\t<div class=\"elementor-widget-container\">\n\t\t\t\t\t\t\t\t\t\t\t\t\t\t\t<img decoding=\"async\" width=\"80\" height=\"103\" src=\"https:\/\/fof.aero\/wp-content\/uploads\/2025\/01\/nj.png\" class=\"attachment-large size-large wp-image-2491\" alt=\"\" \/>\t\t\t\t\t\t\t\t\t\t\t\t\t\t\t<\/div>\n\t\t\t\t<\/div>\n\t\t\t\t<div class=\"elementor-element elementor-element-f76b3fc elementor-widget elementor-widget-text-editor\" data-id=\"f76b3fc\" data-element_type=\"widget\" data-widget_type=\"text-editor.default\">\n\t\t\t\t<div class=\"elementor-widget-container\">\n\t\t\t\t\t\t\t\t\t<p><b>Narve Jensen<\/b> er pensjonert flygeleder (ATC supervisor) ved Oslo Fornebu og Gardermoen kontrollt\u00e5rn, totalt 43 \u00e5r. Narve er en modellflyentusiast fra tidlig p\u00e5 60-tallet og har v\u00e6rt engasjert i den nasjonale organisasjonen siden 1977 og internasjonalt om norsk delegat til FAI siden 1979. Fra 1995 har han v\u00e6rt \u00bb Chairman of the Scale Subcommittee in the modeling section (CIAM) of the FAI\u00bb.<\/p>\t\t\t\t\t\t\t\t<\/div>\n\t\t\t\t<\/div>\n\t\t\t\t<\/div>\n\t\t<div class=\"elementor-element elementor-element-9aeae95 e-con-full e-flex e-con e-child\" data-id=\"9aeae95\" data-element_type=\"container\">\n\t\t\t\t<div class=\"elementor-element elementor-element-9fafea4 elementor-widget__width-initial elementor-widget elementor-widget-image\" data-id=\"9fafea4\" data-element_type=\"widget\" data-widget_type=\"image.default\">\n\t\t\t\t<div class=\"elementor-widget-container\">\n\t\t\t\t\t\t\t\t\t\t\t\t\t\t\t<img loading=\"lazy\" decoding=\"async\" width=\"82\" height=\"105\" src=\"https:\/\/fof.aero\/wp-content\/uploads\/2022\/04\/Bjorn-small.jpeg\" class=\"attachment-large size-large wp-image-1591\" alt=\"\" \/>\t\t\t\t\t\t\t\t\t\t\t\t\t\t\t<\/div>\n\t\t\t\t<\/div>\n\t\t\t\t<div class=\"elementor-element elementor-element-a074782 elementor-widget elementor-widget-text-editor\" data-id=\"a074782\" data-element_type=\"widget\" data-widget_type=\"text-editor.default\">\n\t\t\t\t<div class=\"elementor-widget-container\">\n\t\t\t\t\t\t\t\t\t<p><span style=\"font-family: Roboto-Bold, sans-serif; font-size: 16px; font-style: normal; font-weight: bolder; letter-spacing: 0.8px;\">IT-ansvarlig<\/span><span style=\"font-family: Roboto-Bold, sans-serif; font-size: 16px; font-style: normal; font-weight: bolder; letter-spacing: 0.8px;\">\u00a0<\/span><strong>Bj\u00f8rn Bjerke<\/strong>\u00a0startet flykarrieren ved Norwegian Aviation College (NAC) p\u00e5 Bardufoss i 1992. Uteksaminerte der i 1995 og ble ansatt i SAS i 1997. Har fl\u00f8yet DC-9, MD-80, B737 og er n\u00e5 aktiv p\u00e5 A320.\u00a0Han har hatt permisjon fra SAS to ganger, en gang i der han jobbet i Viking Airlines som kaptein p\u00e5 B737 og 2 \u00e5r der han var kaptein p\u00e5 en privat Boeing BBJ basert i Moskva.\u00a0Ved siden av flygingen driver Bj\u00f8rn et lite datafirma sammen med to pilotkollegaer som leverer myRoster, en app for flygende personell brukt av ansatte i et antall flyselskaper.<\/p>\t\t\t\t\t\t\t\t<\/div>\n\t\t\t\t<\/div>\n\t\t\t\t<\/div>\n\t\t<div class=\"elementor-element elementor-element-2a60c94 e-con-full e-flex e-con e-child\" data-id=\"2a60c94\" data-element_type=\"container\">\n\t\t\t\t<div class=\"elementor-element elementor-element-aed7084 elementor-widget__width-initial elementor-widget elementor-widget-image\" data-id=\"aed7084\" data-element_type=\"widget\" data-widget_type=\"image.default\">\n\t\t\t\t<div class=\"elementor-widget-container\">\n\t\t\t\t\t\t\t\t\t\t\t\t\t\t\t<img loading=\"lazy\" decoding=\"async\" width=\"80\" height=\"105\" src=\"https:\/\/fof.aero\/wp-content\/uploads\/2021\/08\/ws-1.png\" class=\"attachment-large size-large wp-image-1200\" alt=\"\" \/>\t\t\t\t\t\t\t\t\t\t\t\t\t\t\t<\/div>\n\t\t\t\t<\/div>\n\t\t\t\t<div class=\"elementor-element elementor-element-edbdbed elementor-widget elementor-widget-text-editor\" data-id=\"edbdbed\" data-element_type=\"widget\" data-widget_type=\"text-editor.default\">\n\t\t\t\t<div class=\"elementor-widget-container\">\n\t\t\t\t\t\t\t\t\t<p><b><a href=\"https:\/\/www.linkedin.com\/in\/waltersafety\/\"><strong>Walter Schwyzer<\/strong><\/a>, <\/b>Safety Promotion, hadde sin f\u00f8rste presentasjon p\u00e5 v\u00e5rt Flyoperativt Forum i 2014 da det ble utforsket hvordan man bruker FDM til \u00e5 oppdage trender om tap av kontroll In-Flight-hendelser. Siden den gang er Walter regelmessig invitert til \u00e5 tale p\u00e5 forskjellige konferanser i Europa, Eurasia og Asia. Temaene spenner fra menneskelige faktorer til oppl\u00e6ring i \u00e5 utforske koblingen og kompleksiteten til det sosio-tekniske luftfartssystemet. Andre emner var Pilot Monitoring, Case Study on TK1951, Naturalistic Aeronautical Decision Making, Criminalization of Accidents and Training for Airmanship. Walter er utdannet sivilingeni\u00f8r i luftsikkerhetsledelse, var underoffiser i det sveitsiske luftv\u00e5penet og f\u00f8r luftfart en grad i mekanisk teknologi da han jobbet p\u00e5 dette feltet for store bilselskaper. I dag flyr han A330 for en stor asiatisk operat\u00f8r og har forskjellige fly- og instrukt\u00f8rratinger og er en kvalifisert luftsikkerhetsetterforsker. Medlem av ISASI, RAeS, EAAP og The Flight Safety Foundation i mange \u00e5r.<\/p><div>Walters syn p\u00e5 flysikkerhet: \u00abLuftfart er et veldig dynamisk milj\u00f8, vi er i konstant flyt, derav viktigheten av det menneskelige elementet for \u00e5 gj\u00f8re de n\u00f8dvendige inngrepene i flyfremgangen. Vi m\u00e5 investere i trening, meningsfull trening for \u00e5 skape mer spenstige piloter for \u00e5 takle det ukjente n\u00e5r de oppst\u00e5r, overleve skremmeffekten, holde flyet flygende med grunnleggende ferdigheter og finne levedyktige l\u00f8sninger p\u00e5 problemene. Vi m\u00e5 v\u00e6re oppmerksom p\u00e5 at det \u00e5 v\u00e6re spenstig ikke betyr \u00e5 ha supermakter. Vi er fortsatt karbon- baserte enheter!<\/div>\t\t\t\t\t\t\t\t<\/div>\n\t\t\t\t<\/div>\n\t\t\t\t<\/div>\n\t\t<div class=\"elementor-element elementor-element-8868767 e-con-full e-flex e-con e-child\" data-id=\"8868767\" data-element_type=\"container\">\n\t\t\t\t<div class=\"elementor-element elementor-element-b8506e3 elementor-widget__width-initial elementor-widget elementor-widget-image\" data-id=\"b8506e3\" data-element_type=\"widget\" data-widget_type=\"image.default\">\n\t\t\t\t<div class=\"elementor-widget-container\">\n\t\t\t\t\t\t\t\t\t\t\t\t\t\t\t<img loading=\"lazy\" decoding=\"async\" width=\"225\" height=\"300\" src=\"https:\/\/fof.aero\/wp-content\/uploads\/2025\/09\/TEH-225x300.jpeg\" class=\"attachment-medium size-medium wp-image-2941\" alt=\"\" srcset=\"https:\/\/fof.aero\/wp-content\/uploads\/2025\/09\/TEH-225x300.jpeg 225w, https:\/\/fof.aero\/wp-content\/uploads\/2025\/09\/TEH-768x1024.jpeg 768w, https:\/\/fof.aero\/wp-content\/uploads\/2025\/09\/TEH-1152x1536.jpeg 1152w, https:\/\/fof.aero\/wp-content\/uploads\/2025\/09\/TEH-1536x2048.jpeg 1536w, https:\/\/fof.aero\/wp-content\/uploads\/2025\/09\/TEH-scaled.jpeg 1920w\" sizes=\"(max-width: 225px) 100vw, 225px\" \/>\t\t\t\t\t\t\t\t\t\t\t\t\t\t\t<\/div>\n\t\t\t\t<\/div>\n\t\t\t\t<div class=\"elementor-element elementor-element-0bf6d27 elementor-widget elementor-widget-text-editor\" data-id=\"0bf6d27\" data-element_type=\"widget\" data-widget_type=\"text-editor.default\">\n\t\t\t\t<div class=\"elementor-widget-container\">\n\t\t\t\t\t\t\t\t\t<p><strong>Tor Einar Huus<\/strong> startet sin luftfartskarriere modul\u00e6rt med flygerutdanning i USA, fulgt av ATPL-teori i England og oppbygging av flygetid over 6 \u00e5r fra 2013-2019. Sertifikatene ble konvertert til europeiske sertifikater i Sverige i 2019. I utdanningsperioden jobbet han som bakkeoperat\u00f8r ved Haugesund Lufthavn, Karm\u00f8y og Kjevik Lufthavn, Kristiansand og har derfor omfattende erfaring med flyoperative st\u00f8ttefunksjoner og bakketjenester. Han ble ansatt i SAS i 2019 hvor han f\u00f8rst fl\u00f8y Boeing 737, var ute av selskapet i 2021-2022 under pandemien, kom tilbake i januar 2023 og fl\u00f8y Airbus A320 frem til mars 2025, og flyr n\u00e5 A330 og vil etterhvert fly mixed A320\/A330.<\/p><p>Parallelt med luftfartskarrieren har han utviklet bred IT-kompetanse. Som selvl\u00e6rt utvikler fullf\u00f8rte han senere en 3-\u00e5rig formell IT-utdanning p\u00e5 fulltid ved siden av flygerkarrieren. I perioden 2021-2022 jobbet han fulltid som utvikler innenfor retail-security, med hovedansvar for systemene bak elektroniske prisskilt og kundetelling\/kundeanalyse levert til st\u00f8rre nordiske detaljhandelskjeder, samt utvikling av interne verkt\u00f8y og prosesser. Han har helhetlig erfaring fra nettverksinfrastruktur, serverdrift, backup, CI\/CD, fullstack, overv\u00e5king og automatisering og fortsetter \u00e5 ta p\u00e5 seg oppdrag med fokus p\u00e5 driftssikre, skalerbare l\u00f8sninger.<\/p>\t\t\t\t\t\t\t\t<\/div>\n\t\t\t\t<\/div>\n\t\t\t\t<\/div>\n\t\t\t\t<\/div>\n\t\t\t\t<\/div>\n\t\t<div class=\"elementor-element elementor-element-ff1b028 e-flex e-con-boxed e-con e-parent\" data-id=\"ff1b028\" data-element_type=\"container\">\n\t\t\t\t\t<div class=\"e-con-inner\">\n\t\t\t\t\t<\/div>\n\t\t\t\t<\/div>\n\t\t<div class=\"elementor-element elementor-element-de79c5d e-grid e-con-boxed e-con e-parent\" data-id=\"de79c5d\" data-element_type=\"container\">\n\t\t\t\t\t<div class=\"e-con-inner\">\n\t\t\t\t\t<\/div>\n\t\t\t\t<\/div>\n\t\t<div class=\"elementor-element elementor-element-345c0d5 e-flex e-con-boxed e-con e-parent\" data-id=\"345c0d5\" data-element_type=\"container\">\n\t\t\t\t\t<div class=\"e-con-inner\">\n\t\t\t\t<div class=\"elementor-element elementor-element-95a1649 elementor-widget elementor-widget-text-editor\" data-id=\"95a1649\" data-element_type=\"widget\" data-widget_type=\"text-editor.default\">\n\t\t\t\t<div class=\"elementor-widget-container\">\n\t\t\t\t\t\t\t\t\t<p>Lorem ipsum dolor sit amet, consectetur adipiscing elit. Ut elit tellus, luctus nec ullamcorper mattis, pulvinar dapibus leo.<\/p>\t\t\t\t\t\t\t\t<\/div>\n\t\t\t\t<\/div>\n\t\t\t\t\t<\/div>\n\t\t\t\t<\/div>\n\t\t<div class=\"elementor-element elementor-element-80832cd e-flex e-con-boxed e-con e-parent\" data-id=\"80832cd\" data-element_type=\"container\">\n\t\t\t\t\t<div class=\"e-con-inner\">\n\t\t\t\t<div class=\"elementor-element elementor-element-ab45a54 elementor-widget elementor-widget-text-editor\" data-id=\"ab45a54\" data-element_type=\"widget\" data-widget_type=\"text-editor.default\">\n\t\t\t\t<div class=\"elementor-widget-container\">\n\t\t\t\t\t\t\t\t\t<p>Lorem ipsum dolor sit amet, consectetur adipiscing elit. Ut elit tellus, luctus nec ullamcorper mattis, pulvinar dapibus leo.<\/p>\t\t\t\t\t\t\t\t<\/div>\n\t\t\t\t<\/div>\n\t\t\t\t\t<\/div>\n\t\t\t\t<\/div>\n\t\t\t\t<\/div>\n\t\t","protected":false},"excerpt":{"rendered":"<p>Flyoperativt Forum er organisert med et styre registrert i Br\u00f8nn\u00f8ysund og et arbeidsutvalg som planlegger og tilrettelegger for den \u00e5rlige konferansen. Medlemmene i arbeidsutvalget er ressurspersoner i norsk luftfart som \u00f8nsker \u00e5 bidra til \u00e5 fremme det operative milj\u00f8et. Daglig leder Morten Kjellesvig startet \u00e5 fly seilfly i 1978, har tjenestegjort 15 \u00e5r i Luftforsvaret&#8230;<\/p>\n","protected":false},"author":1,"featured_media":0,"parent":0,"menu_order":0,"comment_status":"closed","ping_status":"closed","template":"","meta":{"footnotes":""},"class_list":["post-168","page","type-page","status-publish","hentry"],"translation":{"provider":"WPGlobus","version":"3.0.2","language":"en","enabled_languages":["no","en"],"languages":{"no":{"title":true,"content":true,"excerpt":false},"en":{"title":false,"content":false,"excerpt":false}}},"_links":{"self":[{"href":"https:\/\/fof.aero\/en\/wp-json\/wp\/v2\/pages\/168","targetHints":{"allow":["GET"]}}],"collection":[{"href":"https:\/\/fof.aero\/en\/wp-json\/wp\/v2\/pages"}],"about":[{"href":"https:\/\/fof.aero\/en\/wp-json\/wp\/v2\/types\/page"}],"author":[{"embeddable":true,"href":"https:\/\/fof.aero\/en\/wp-json\/wp\/v2\/users\/1"}],"replies":[{"embeddable":true,"href":"https:\/\/fof.aero\/en\/wp-json\/wp\/v2\/comments?post=168"}],"version-history":[{"count":56,"href":"https:\/\/fof.aero\/en\/wp-json\/wp\/v2\/pages\/168\/revisions"}],"predecessor-version":[{"id":3366,"href":"https:\/\/fof.aero\/en\/wp-json\/wp\/v2\/pages\/168\/revisions\/3366"}],"wp:attachment":[{"href":"https:\/\/fof.aero\/en\/wp-json\/wp\/v2\/media?parent=168"}],"curies":[{"name":"wp","href":"https:\/\/api.w.org\/{rel}","templated":true}]}}