{"id":1957,"date":"2023-11-16T20:46:06","date_gmt":"2023-11-16T19:46:06","guid":{"rendered":"https:\/\/fof.aero\/?page_id=1957"},"modified":"2023-11-16T20:46:06","modified_gmt":"2023-11-16T19:46:06","slug":"just-culture-seminar-nedlastbare-presentasjoner","status":"publish","type":"page","link":"https:\/\/fof.aero\/en\/just-culture-seminar-nedlastbare-presentasjoner\/","title":{"rendered":"En dags seminar: Just Culture \u2013 Operativ tjeneste fremover\u2026. | nedlastbare presentasjoner"},"content":{"rendered":"\n<p><\/p>\n\n\n\n<p><\/p>\n\n\n\n<p id=\"block-73166926-3c73-423e-b46e-dde4763a3096\"><strong><br>Onsdag 15. november 2023<\/strong><br>10:00 \u00c5pning av konferansen Luftfartsdirekt\u00f8r Lars Kobberstad, Luftfartstilsynet <a href=\"https:\/\/fof.aero\/presentations\/F\/o\/F\/2\/0\/2\/3\/JustCulture\/pres\/15_01_kobberstad.pdf\" target=\"_blank\" rel=\"noreferrer noopener\">download<\/a><br>10:10 Kultur \u2013 mange avarter, Morten Kjellesvig, FoF <a href=\"https:\/\/fof.aero\/presentations\/F\/o\/F\/2\/0\/2\/3\/JustCulture\/pres\/15_02_culture.pdf\" target=\"_blank\" rel=\"noreferrer noopener\">download<\/a><br>\u2022 10:30 P\u00e5talemyndighetens rolle, Reidar Bruusgaard, Riksadvokatembetet <a href=\"https:\/\/fof.aero\/presentations\/F\/o\/F\/2\/0\/2\/3\/JustCulture\/pres\/15_03_bruusgaard.pdf\" target=\"_blank\" rel=\"noreferrer noopener\">download<\/a><br>\u2022 11:00 Hvordan har Luftforsvaret bygget sin Just Culture, brigader \u00d8ivind Gunnerud, Luftforsvaret <a href=\"https:\/\/fof.aero\/presentations\/F\/o\/F\/2\/0\/2\/3\/JustCulture\/pres\/15_04_gunnerud.pdf\" target=\"_blank\" rel=\"noreferrer noopener\">download<\/a><br>\u2022 11:30 Just Culture, Cockpit Voice Recorder og video recording i cockpit, Capt. Helge Anonsen, NPFO Wider\u00f8e <a href=\"https:\/\/fof.aero\/presentations\/F\/o\/F\/2\/0\/2\/3\/JustCulture\/pres\/15_05_anonsen.pdf\" data-type=\"URL\" target=\"_blank\" rel=\"noreferrer noopener\">download<\/a><br>\u2022 12:00 Human Factor i forhold til uaktsomhet ved Erwin Langejan, Luftfartstilsynet <a href=\"https:\/\/fof.aero\/presentations\/F\/o\/F\/2\/0\/2\/3\/JustCulture\/pres\/15_06_erwin.pdf\" target=\"_blank\" rel=\"noreferrer noopener\">download<\/a><br>\u2022 12:30 Lunsj<br>\u2022 13:30 Havarikommisjonen og Just Culture, avdelingsdirekt\u00f8r Luftfart K\u00e5re Halvorsen, SHK  <a href=\"https:\/\/fof.aero\/presentations\/F\/o\/F\/2\/0\/2\/3\/JustCulture\/pres\/15_07_SHK.pdf\" target=\"_blank\" rel=\"noreferrer noopener\">download<\/a><br>\u2022 14:00 Viktigheten av et non punitive rapporteringssystem, Capt. Tom Heradstveit, NF  <a href=\"https:\/\/fof.aero\/presentations\/F\/o\/F\/2\/0\/2\/3\/JustCulture\/pres\/15_08_NFF.pdf\" target=\"_blank\" rel=\"noreferrer noopener\">download<\/a><br>\u2022 14:30 Kaffe \u2013 Networking break<br>\u2022 15:00 Just Culture i Avinor, Beate Tellevik, Avinor Flysikring <a href=\"https:\/\/fof.aero\/presentations\/F\/o\/F\/2\/0\/2\/3\/JustCulture\/pres\/15_09_tellevik.pdf\" target=\"_blank\" rel=\"noreferrer noopener\">download<\/a><br>\u2022 15:25 Just Culture fra et \u00abbane perspektiv\u00bb, Kjersti Myklebust, Bane Nor <a href=\"https:\/\/fof.aero\/presentations\/F\/o\/F\/2\/0\/2\/3\/JustCulture\/pres\/15_10_jernbane.pdf\" target=\"_blank\" rel=\"noreferrer noopener\">download<\/a><br>\u2022 15:50 Just Culture i oljebransjen, Ingvill Hages\u00e6ther, Petroleumstilsynet <a href=\"https:\/\/fof.aero\/presentations\/F\/o\/F\/2\/0\/2\/3\/JustCulture\/pres\/15_11_hageseter.pdf\" target=\"_blank\" rel=\"noreferrer noopener\">download<\/a><br>\u2022 16:15 Paneldebatt \u2013 hvor g\u00e5r vi videre med:<br>luftfartsdirekt\u00f8r Lars Kobberstad,Reidar Bruusgaard, riksadvokatembetet, brigader \u00d8ivind Gunnerud, Capt. Helge Anonsen, Wider\u00f8e, K\u00e5re Halvorsen, SHK<br>\u2022 17:00 Konferansen avsluttes<br><\/p>\n","protected":false},"excerpt":{"rendered":"<p>Onsdag 15. november 202310:00 \u00c5pning av konferansen Luftfartsdirekt\u00f8r Lars Kobberstad, Luftfartstilsynet download10:10 Kultur \u2013 mange avarter, Morten Kjellesvig, FoF download\u2022 10:30 P\u00e5talemyndighetens rolle, Reidar Bruusgaard, Riksadvokatembetet download\u2022 11:00 Hvordan har Luftforsvaret bygget sin Just Culture, brigader \u00d8ivind Gunnerud, Luftforsvaret download\u2022 11:30 Just Culture, Cockpit Voice Recorder og video recording i cockpit, Capt. Helge Anonsen, NPFO&#8230;<\/p>\n","protected":false},"author":1,"featured_media":0,"parent":0,"menu_order":0,"comment_status":"closed","ping_status":"closed","template":"","meta":{"footnotes":""},"class_list":["post-1957","page","type-page","status-publish","hentry"],"translation":{"provider":"WPGlobus","version":"3.0.2","language":"en","enabled_languages":["no","en"],"languages":{"no":{"title":true,"content":true,"excerpt":false},"en":{"title":false,"content":false,"excerpt":false}}},"_links":{"self":[{"href":"https:\/\/fof.aero\/en\/wp-json\/wp\/v2\/pages\/1957","targetHints":{"allow":["GET"]}}],"collection":[{"href":"https:\/\/fof.aero\/en\/wp-json\/wp\/v2\/pages"}],"about":[{"href":"https:\/\/fof.aero\/en\/wp-json\/wp\/v2\/types\/page"}],"author":[{"embeddable":true,"href":"https:\/\/fof.aero\/en\/wp-json\/wp\/v2\/users\/1"}],"replies":[{"embeddable":true,"href":"https:\/\/fof.aero\/en\/wp-json\/wp\/v2\/comments?post=1957"}],"version-history":[{"count":0,"href":"https:\/\/fof.aero\/en\/wp-json\/wp\/v2\/pages\/1957\/revisions"}],"wp:attachment":[{"href":"https:\/\/fof.aero\/en\/wp-json\/wp\/v2\/media?parent=1957"}],"curies":[{"name":"wp","href":"https:\/\/api.w.org\/{rel}","templated":true}]}}