{"id":2129,"date":"2016-10-05T07:52:17","date_gmt":"2016-10-05T05:52:17","guid":{"rendered":"http:\/\/fof.aero\/?page_id=43"},"modified":"2016-10-05T07:52:17","modified_gmt":"2016-10-05T05:52:17","slug":"2008-2","status":"publish","type":"page","link":"https:\/\/fof.aero\/en\/2008-2\/","title":{"rendered":"Agenda 2008"},"content":{"rendered":"<table style=\"width: 100%\">\n<tr class=\"style1\">\n<td valign=\"top\" style=\"width: 43px\" class=\"style9\">&nbsp;<\/td>\n<td style=\"width: 400px\" class=\"style10\"><strong>Tirsdag 29. \t\t\t\t\tapril<\/strong><\/td>\n<td valign=\"top\" class=\"style10\" style=\"width: 43px\">&nbsp;<\/td>\n<td class=\"style10\" style=\"width: 400px\" valign=\"top\">\n<p>\t\t\t\t\t<strong>Onsdag 30 april<\/strong><\/td>\n<\/tr>\n<tr class=\"style1\">\n<td valign=\"top\" style=\"width: 43px\" class=\"style8\">0900<\/td>\n<td style=\"width: 400px\" class=\"style8\"><strong>\u00c5pning av<br \/>\n\t\t\t\t\tdet 23. Flyoperative Forum<\/strong><\/p>\n<p>\t\t\t\t\tLeder Eirik Walle<\/p>\n<\/td>\n<td valign=\"top\" class=\"style8\" style=\"width: 43px\">0900<\/td>\n<td class=\"style8\" style=\"width: 400px\" valign=\"top\">\n<p>\t\t\t\t\t<strong><br \/>\n\t\t\t\t\tSHT&#8217;s time &#8211;<br \/>\n\t\t\t\t\tStandardisering av gjennomgangsh\u00f8yde<\/a><span class=\"style14\"><\/span><\/strong><\/p>\n<p>\t\t\t\t\tHavari-inspekt\u00f8r Maren Malthe-S\u00f8renssen og Birger Andreas Bull<\/p>\n<\/td>\n<\/tr>\n<tr class=\"style1\">\n<td valign=\"top\" style=\"width: 43px\" class=\"style8\">0910<\/td>\n<td style=\"width: 400px\" class=\"style8\"><strong>Innledning ved Dir Grete Myhre<\/p>\n<p>\t\t\t\t\t<\/strong>Statens Havarikommisjon for Transport SHT<\/p>\n<\/td>\n<td valign=\"top\" class=\"style8\" style=\"width: 43px\">0945<\/td>\n<td class=\"style8\" style=\"width: 400px\" valign=\"top\">\n<p>\t\t\t\t\t<strong><\/p>\n<p>\t\t\t\t\tSikkerhetstenkning i norsk luftfart.<\/a><\/p>\n<p>\t\t\t\t\t<span class=\"style14\"><\/span> Fortid, n\u00e5tid og fremtid.<\/strong><\/p>\n<p>\t\t\t\t\tJens Christen Rolfsen, Det Norske Veritas<\/td>\n<\/tr>\n<tr class=\"style1\">\n<td valign=\"top\" style=\"width: 43px\" class=\"style8\">0930<\/td>\n<td style=\"width: 400px\" class=\"style8\"><strong><\/p>\n<p>\t\t\t\t\tLuftrafikktjenesten &#8211; Oslo ASAP &#8211; <\/p>\n<p>\t\t\t\t\tFuture ATM &#8211; Point Merge:<\/a> Orderly flow of traffic to<br \/>\n\t\t\t\t\tachieve reduced emissions and noise. <span class=\"style14\"><\/span><\/strong><\/p>\n<p>\t\t\t\t\tMr Francois Vergne, Eurocontrol Experimental Center<\/p>\n<\/td>\n<td valign=\"top\" class=\"style8\" style=\"width: 43px\">1035<\/td>\n<td class=\"style8\" style=\"width: 400px\" valign=\"top\"><strong><br \/>\n\t\t\t\t\tSikkerhetstenkningen i SAS<\/strong><\/p>\n<p>\t\t\t\t\tKaptein Fredrik Strand<\/td>\n<\/tr>\n<tr class=\"style1\">\n<td valign=\"top\" style=\"width: 43px\" class=\"style8\">1000<\/td>\n<td style=\"width: 400px\" class=\"style8\"><strong><\/p>\n<p>\t\t\t\t\t&#8211; Ny luftromstruktur.<\/a> <span class=\"style14\"><\/span><\/strong><\/p>\n<p>\t\t\t\t\tHans Jacob Hofgaard, Oslo ASAP<\/p>\n<\/td>\n<td valign=\"top\" class=\"style8\" style=\"width: 43px\">1105<\/td>\n<td class=\"style8\" style=\"width: 400px\" valign=\"top\">\n<p>\t\t\t\t\t<strong>Pause med utsjekk<\/strong><\/td>\n<\/tr>\n<tr class=\"style1\">\n<td valign=\"top\" style=\"width: 43px\" class=\"style8\">1030<\/td>\n<td style=\"width: 400px\" class=\"style8\" valign=\"top\"><strong><br \/>\n\t\t\t\t\tKaffe<\/strong><\/p>\n<\/td>\n<td valign=\"top\" class=\"style8\" style=\"width: 43px\">1120<\/td>\n<td class=\"style8\" style=\"width: 400px\" valign=\"top\">\n<p>\t\t\t\t\t<strong>Konfidensiell feilrapportering ATS &#8211; MESYS<\/a><\/p>\n<p>\t\t\t\t\t<span class=\"style14\"><\/span><\/strong><\/p>\n<p>\t\t\t\t\tKjersti Disen, Avinor<\/td>\n<\/tr>\n<tr class=\"style1\">\n<td valign=\"top\" style=\"width: 43px\" class=\"style8\">1040<\/td>\n<td style=\"width: 400px\" class=\"style8\"><strong>Future ATM &#8211;<br \/>\n\t\t\t\t\tOslo ASAP: Arrival and Departure Management<\/strong><\/p>\n<p>\t\t\t\t\tDr Gotthard Boerger, BARCO Orthogon<\/td>\n<td valign=\"top\" class=\"style8\" style=\"width: 43px\">1140<\/td>\n<td class=\"style8\" style=\"width: 400px\" valign=\"top\">\n<p>\t\t\t\t\t<strong><\/p>\n<p>\t\t\t\t\tJust Culture i Norge &#8211; Status<\/a><\/p>\n<p>\t\t\t\t\t<span class=\"style14\">(73 KB)<\/span><\/strong><\/p>\n<p>\t\t\t\t\tFlysikringsinspekt\u00f8r Jan Mossin, Luftfartstilsynet<\/td>\n<\/tr>\n<tr class=\"style1\">\n<td valign=\"top\" style=\"width: 43px\" class=\"style8\">1105<\/td>\n<td style=\"width: 400px\" class=\"style8\"><strong><\/p>\n<p>\t\t\t\t\tMoss Int Airport, Rygge &#8211; Planer og utvikling<\/a> <span class=\"style14\"><\/span><\/p>\n<p>\t\t\t\t\t<\/strong>Markedsjef Silje N Thoresen<\/p>\n<\/td>\n<td valign=\"top\" class=\"style8\" style=\"width: 43px\">1200<\/td>\n<td class=\"style8\" style=\"width: 400px\" valign=\"top\">\n<p>\t\t\t\t\t<strong>Lunch<\/strong><\/td>\n<\/tr>\n<tr class=\"style1\">\n<td valign=\"top\" style=\"width: 43px\" class=\"style8\">1130<\/td>\n<td style=\"width: 400px\" class=\"style8\"><strong><\/p>\n<p>\t\t\t\t\tNorsk Flytekniker Organisasjon<\/a> <span class=\"style14\"><br \/>\n\t\t\t\t\t<\/span><\/strong><\/p>\n<p>\t\t\t\t\tFlyteknikernes hverdag<\/p>\n<p>\t\t\t\t\tLeder NFO, Roger Handeland<\/p>\n<\/td>\n<td valign=\"top\" class=\"style8\" style=\"width: 43px\">1300<\/td>\n<td class=\"style8\" style=\"width: 400px\" valign=\"top\">\n<p>\t\t\t\t\t<strong>ESSI- nytt europeisk sikkerhets-samarbeid<\/strong><\/p>\n<p>\t\t\t\t\tThor G Johansen, Technical Director Europe, Boeing Aerospace<\/td>\n<\/tr>\n<tr class=\"style1\">\n<td valign=\"top\" style=\"width: 43px\" class=\"style8\">1200<\/td>\n<td style=\"width: 400px\" class=\"style8\" valign=\"top\"><strong><br \/>\n\t\t\t\t\tLunch<\/strong><\/p>\n<\/td>\n<td valign=\"top\" class=\"style8\" style=\"width: 43px\">1330<\/td>\n<td class=\"style8\" style=\"width: 400px\" valign=\"top\">\n<p>\t\t\t\t\t<strong>ALAR &#8211; Approach and Landing Accident Reduction<\/strong><\/p>\n<p>\t\t\t\t\tKaptein Erik Reed-Mohn, SAS<\/td>\n<\/tr>\n<tr class=\"style1\">\n<td valign=\"top\" style=\"width: 43px\" class=\"style8\">1300<\/td>\n<td style=\"width: 400px\" class=\"style8\" valign=\"top\">Jan<br \/>\n\t\t\t\t\tErik &quot;Autofil&quot; Larsen har fritt spillerom<\/td>\n<td valign=\"top\" class=\"style8\" style=\"width: 43px\">1400<\/td>\n<td class=\"style8\" style=\"width: 400px\" valign=\"top\">\n<p>\t\t\t\t\t<strong><\/p>\n<p>\t\t\t\t\tFlyplass og flysikringsavdelingen i Luftfartstilsynet<\/a><br \/>\n\t\t\t\t\tetter flyttingen til Bod\u00f8\u00b8 &#8211; status og aktuelle saker <span class=\"style14\"><\/span><\/strong><\/p>\n<p>\t\t\t\t\tLufartsdirekt\u00f8r Heine Richardsen<\/td>\n<\/tr>\n<tr class=\"style1\">\n<td valign=\"top\" style=\"width: 43px\" class=\"style8\">1330<\/td>\n<td style=\"width: 400px\" class=\"style8\"><strong><\/p>\n<p>\t\t\t\t\tWestland AW 101 SAR helikopter.<\/a> <span class=\"style14\"><\/span><\/strong><\/p>\n<p>\t\t\t\t\tMarketing Manager Paul Herring<\/p>\n<\/td>\n<td valign=\"top\" class=\"style8\" style=\"width: 43px\">1430<\/td>\n<td class=\"style8\" style=\"width: 400px\" valign=\"top\">\n<p>\t\t\t\t\t<strong>Kaffe<\/strong><\/td>\n<\/tr>\n<tr class=\"style1\">\n<td valign=\"top\" style=\"width: 43px\" class=\"style8\">1355<\/td>\n<td style=\"width: 400px\" class=\"style8\"><strong><\/p>\n<p>\t\t\t\t\tPresentasjon av Sikorsky SAR S-92A helikopter<\/a> <span class=\"style14\"><\/p>\n<p>\t\t\t\t\t(link til Sikorsky)<\/span><\/strong><\/p>\n<p>\t\t\t\t\tEric Gizard, Sikorsky Europe<\/p>\n<\/td>\n<td valign=\"top\" class=\"style8\" style=\"width: 43px\">1440<\/td>\n<td class=\"style8\" style=\"width: 400px\" valign=\"top\">\n<p>\t\t\t\t\t<strong><\/p>\n<p>\t\t\t\t\tOWS 360 &#8211; Obstacle Warning System<\/a><\/p>\n<p>\t\t\t\t\t<span class=\"style14\"><\/span><\/strong><\/p>\n<p>\t\t\t\t\tDaglig leder Roger Hansen, Protura <\/td>\n<\/tr>\n<tr class=\"style1\">\n<td valign=\"top\" style=\"width: 43px\" class=\"style8\">1425<\/td>\n<td style=\"width: 400px\" class=\"style8\"><strong>Kaffe<\/p>\n<p>\t\t\t\t\t<\/strong><\/td>\n<td valign=\"top\" class=\"style8\" style=\"width: 43px\">1510<\/td>\n<td class=\"style8\" style=\"width: 400px\" valign=\"top\">\n<p>\t\t\t\t\t<strong><br \/>\n\t\t\t\t\tTerminal 2 Gardermoen &#8211; en orientering<\/a><\/strong><\/p>\n<p>\t\t\t\t\tDir Nic. Nilsen, OSL <span class=\"style14\"><strong><\/strong><\/span><\/td>\n<\/tr>\n<tr class=\"style1\">\n<td valign=\"top\" style=\"width: 43px\" class=\"style8\">1440<\/td>\n<td style=\"width: 400px\" class=\"style8\">\n<p class=\"style7\"><b style=\"mso-bidi-font-weight: normal\"><\/p>\n<p>\t\t\t\t\t<span class=\"style3\"><br \/>\n\t\t\t\t\tADS B status p\u00e5 verdensbasis<\/a> <\/span><\/p>\n<p>\t\t\t\t\t<span class=\"style15\"><\/span><\/b><\/p>\n<p class=\"style7\"><span class=\"style3\">Roger Holm, Avinor<\/span><o:p><\/o:p><\/p>\n<\/td>\n<td valign=\"top\" class=\"style8\" style=\"width: 43px\">1540<\/td>\n<td class=\"style8\" style=\"width: 400px\" valign=\"top\">\n<p>\t\t\t\t\t<strong>Sp\u00f8rrerunde<\/strong><\/td>\n<\/tr>\n<tr class=\"style1\">\n<td valign=\"top\" style=\"width: 43px\" class=\"style8\">1510<\/td>\n<td style=\"width: 400px\" class=\"style8\"><strong>Special<br \/>\n\t\t\t\t\tCategory 1 Approach &#8211; SCAT-1<\/p>\n<p>\t\t\t\t\t<\/strong>Jens Gjerlev, Wider\u00f8e, om satellittbasert innflyging<\/p>\n<\/td>\n<td valign=\"top\" class=\"style8\" style=\"width: 43px\">1600<\/td>\n<td class=\"style8\" style=\"width: 400px\" valign=\"top\">\n<p>\t\t\t\t\t<strong>Avslutning FOF 2008<\/strong><\/td>\n<\/tr>\n<tr class=\"style1\">\n<td valign=\"top\" style=\"width: 43px\" class=\"style8\">1540<\/td>\n<td style=\"width: 400px\" class=\"style8\"><strong><\/p>\n<p>\t\t\t\t\tUAV &#8211; en oppdatering<\/a> <span class=\"style14\"><br \/>\n\t\t\t\t\t(1.69)<\/span><\/strong><\/p>\n<p>\t\t\t\t\tEven Birkeland, Leder for Norsk Forening for Ubemannede Luftfart\u00f8y<\/p>\n<\/td>\n<td valign=\"top\" class=\"style8\" style=\"width: 43px\">&nbsp;<\/td>\n<td class=\"style8\" style=\"width: 400px\" valign=\"top\" rowspan=\"4\">\n<p>\t\t\t\t\t<span class=\"style11\"><strong>ADS-B<\/strong><\/span> <\/p>\n<p>\t\t\t\t\tAutomatic Dependent Surveillance&nbsp; <\/p>\n<p>&nbsp;&nbsp;&nbsp;&nbsp;&nbsp;&nbsp;&nbsp;&nbsp;&nbsp; Broadcast<\/p>\n<p>\t\t\t\t\t<span class=\"style11\"><strong>ATM<\/strong><\/span>&nbsp;&nbsp;&nbsp;<br \/>\n\t\t\t\t\tAir Traffic Management<\/p>\n<p>\t\t\t\t\t<span class=\"style11\"><strong>ATS <\/strong><\/span>&nbsp;&nbsp;&nbsp;<br \/>\n\t\t\t\t\tAir Traffic services<\/p>\n<p>\t\t\t\t\t<span class=\"style11\"><strong>ASAP <\/strong><\/span>&nbsp;<br \/>\n\t\t\t\t\tAdvanced Sectorisation Automation <\/p>\n<p>&nbsp;&nbsp;&nbsp;&nbsp;&nbsp;&nbsp;&nbsp;&nbsp;&nbsp; Project<\/p>\n<p>\t\t\t\t\t<span class=\"style11\"><strong>ESSI<\/strong><\/span>&nbsp;&nbsp;&nbsp;<br \/>\n\t\t\t\t\tEuropean Strategic Safety Initiative<\/p>\n<p>\t\t\t\t\t<span class=\"style11\"><strong>JD&nbsp; <\/strong><\/span>&nbsp;&nbsp;&nbsp;&nbsp;<br \/>\n\t\t\t\t\tJustisdepartementet<\/p>\n<p>\t\t\t\t\t<span class=\"style11\"><strong>MESYS<\/strong><\/span> <\/p>\n<p>\t\t\t\t\tMeldingssystem<\/p>\n<\/td>\n<\/tr>\n<tr class=\"style1\">\n<td valign=\"top\" style=\"width: 43px\" class=\"style8\">1600<\/td>\n<td style=\"width: 400px\" class=\"style8\">Kaffe<\/p>\n<\/td>\n<td valign=\"top\" class=\"style8\" style=\"width: 43px\">&nbsp;<\/td>\n<\/tr>\n<tr class=\"style1\">\n<td valign=\"top\" style=\"width: 43px\" class=\"style8\">1610<\/td>\n<td style=\"width: 400px\" class=\"style8\"><strong><\/p>\n<p>\t\t\t\t\tLockheed C-130J<\/a> &#8211; Norges nye airlift kapasitet<\/p>\n<p>\t\t\t\t\t<span class=\"style14\"><\/span><\/p>\n<p>\t\t\t\t\t<\/strong>Mr PR Helm, Lockheed Martin Aeronautical Systems<\/p>\n<\/td>\n<td valign=\"top\" class=\"style8\" style=\"width: 43px\">&nbsp;<\/td>\n<\/tr>\n<tr class=\"style1\">\n<td valign=\"top\" style=\"width: 43px\" class=\"style8\">1640<\/p>\n<p>\t\t\t\t\t1710<\/td>\n<td style=\"width: 400px\" class=\"style8\">Sp\u00f8rrerunde<\/p>\n<p>\t\t\t\t\tAvslutning dag 1<\/p>\n<\/td>\n<td valign=\"top\" class=\"style8\" style=\"width: 43px\">&nbsp;<\/td>\n<\/tr>\n<\/table>\n<table style=\"width: 100%\">\n<tr class=\"style1\">\n<td valign=\"top\" style=\"width: 43px\" class=\"style9\">&nbsp;<\/td>\n<td style=\"width: 400px\" class=\"style10\"><strong>Tirsdag 29<br \/>\n\t\t\t\t\tapril<\/strong><\/td>\n<td valign=\"top\" class=\"style10\" style=\"width: 43px\">&nbsp;<\/td>\n<td class=\"style10\" style=\"width: 400px\" valign=\"top\">\n<p>\t\t\t\t\t<strong>Onsdag 30 april<\/strong><\/td>\n<\/tr>\n<tr class=\"style1\">\n<td valign=\"top\" style=\"width: 43px\" class=\"style8\">0900<\/td>\n<td style=\"width: 400px\" class=\"style8\"><strong>\u00c5pning av<br \/>\n\t\t\t\t\tdet 23. Flyoperative Forum<\/strong><\/p>\n<p>\t\t\t\t\tLeder Eirik Walle<\/p>\n<\/td>\n<td valign=\"top\" class=\"style8\" style=\"width: 43px\">0900<\/td>\n<td class=\"style8\" style=\"width: 400px\" valign=\"top\">\n<p>\t\t\t\t\t<strong><br \/>\n\t\t\t\t\tSHT&#8217;s time &#8211;<br \/>\n\t\t\t\t\tStandardisering av gjennomgangsh\u00f8yde<\/a><span class=\"style14\"><\/span><\/strong><\/p>\n<p>\t\t\t\t\tHavari-inspekt\u00f8r Maren Malthe-S\u00f8renssen og Birger Andreas Bull<\/p>\n<\/td>\n<\/tr>\n<tr class=\"style1\">\n<td valign=\"top\" style=\"width: 43px\" class=\"style8\">0910<\/td>\n<td style=\"width: 400px\" class=\"style8\"><strong>Innledning ved Dir Grete Myhre<\/p>\n<p>\t\t\t\t\t<\/strong>Statens Havarikommisjon for Transport SHT<\/p>\n<\/td>\n<td valign=\"top\" class=\"style8\" style=\"width: 43px\">0945<\/td>\n<td class=\"style8\" style=\"width: 400px\" valign=\"top\">\n<p>\t\t\t\t\t<strong><\/p>\n<p>\t\t\t\t\tSikkerhetstenkning i norsk luftfart.<\/a><\/p>\n<p>\t\t\t\t\t<span class=\"style14\"><\/span> Fortid, n\u00e5tid og fremtid.<\/strong><\/p>\n<p>\t\t\t\t\tJens Christen Rolfsen, Det Norske Veritas<\/td>\n<\/tr>\n<tr class=\"style1\">\n<td valign=\"top\" style=\"width: 43px\" class=\"style8\">0930<\/td>\n<td style=\"width: 400px\" class=\"style8\"><strong><\/p>\n<p>\t\t\t\t\tLuftrafikktjenesten &#8211; Oslo ASAP &#8211; <\/p>\n<p>\t\t\t\t\tFuture ATM &#8211; Point Merge:<\/a> Orderly flow of traffic to<br \/>\n\t\t\t\t\tachieve reduced emissions and noise. <span class=\"style14\"><\/span><\/strong><\/p>\n<p>\t\t\t\t\tMr Francois Vergne, Eurocontrol Experimental Center<\/p>\n<\/td>\n<td valign=\"top\" class=\"style8\" style=\"width: 43px\">1035<\/td>\n<td class=\"style8\" style=\"width: 400px\" valign=\"top\"><strong><br \/>\n\t\t\t\t\tSikkerhetstenkningen i SAS<\/strong><\/p>\n<p>\t\t\t\t\tKaptein Fredrik Strand<\/td>\n<\/tr>\n<tr class=\"style1\">\n<td valign=\"top\" style=\"width: 43px\" class=\"style8\">1000<\/td>\n<td style=\"width: 400px\" class=\"style8\"><strong><\/p>\n<p>\t\t\t\t\t&#8211; Ny luftromstruktur.<\/a> <span class=\"style14\"><\/span><\/strong><\/p>\n<p>\t\t\t\t\tHans Jacob Hofgaard, Oslo ASAP<\/p>\n<\/td>\n<td valign=\"top\" class=\"style8\" style=\"width: 43px\">1105<\/td>\n<td class=\"style8\" style=\"width: 400px\" valign=\"top\">\n<p>\t\t\t\t\t<strong>Pause med utsjekk<\/strong><\/td>\n<\/tr>\n<tr class=\"style1\">\n<td valign=\"top\" style=\"width: 43px\" class=\"style8\">1030<\/td>\n<td style=\"width: 400px\" class=\"style8\" valign=\"top\"><strong><br \/>\n\t\t\t\t\tKaffe<\/strong><\/p>\n<\/td>\n<td valign=\"top\" class=\"style8\" style=\"width: 43px\">1120<\/td>\n<td class=\"style8\" style=\"width: 400px\" valign=\"top\">\n<p>\t\t\t\t\t<strong>Konfidensiell feilrapportering ATS &#8211; MESYS<\/a><\/p>\n<p>\t\t\t\t\t<span class=\"style14\"><\/span><\/strong><\/p>\n<p>\t\t\t\t\tKjersti Disen, Avinor<\/td>\n<\/tr>\n<tr class=\"style1\">\n<td valign=\"top\" style=\"width: 43px\" class=\"style8\">1040<\/td>\n<td style=\"width: 400px\" class=\"style8\"><strong>Future ATM &#8211;<br \/>\n\t\t\t\t\tOslo ASAP: Arrival and Departure Management<\/strong><\/p>\n<p>\t\t\t\t\tDr Gotthard Boerger, BARCO Orthogon<\/td>\n<td valign=\"top\" class=\"style8\" style=\"width: 43px\">1140<\/td>\n<td class=\"style8\" style=\"width: 400px\" valign=\"top\">\n<p>\t\t\t\t\t<strong><\/p>\n<p>\t\t\t\t\tJust Culture i Norge &#8211; Status<\/a><\/p>\n<p>\t\t\t\t\t<span class=\"style14\">(73 KB)<\/span><\/strong><\/p>\n<p>\t\t\t\t\tFlysikringsinspekt\u00f8r Jan Mossin, Luftfartstilsynet<\/td>\n<\/tr>\n<tr class=\"style1\">\n<td valign=\"top\" style=\"width: 43px\" class=\"style8\">1105<\/td>\n<td style=\"width: 400px\" class=\"style8\"><strong><\/p>\n<p>\t\t\t\t\tMoss Int Airport, Rygge &#8211; Planer og utvikling<\/a> <span class=\"style14\"><\/span><\/p>\n<p>\t\t\t\t\t<\/strong>Markedsjef Silje N Thoresen<\/p>\n<\/td>\n<td valign=\"top\" class=\"style8\" style=\"width: 43px\">1200<\/td>\n<td class=\"style8\" style=\"width: 400px\" valign=\"top\">\n<p>\t\t\t\t\t<strong>Lunch<\/strong><\/td>\n<\/tr>\n<tr class=\"style1\">\n<td valign=\"top\" style=\"width: 43px\" class=\"style8\">1130<\/td>\n<td style=\"width: 400px\" class=\"style8\"><strong><\/p>\n<p>\t\t\t\t\tNorsk Flytekniker Organisasjon<\/a> <span class=\"style14\"><br \/>\n\t\t\t\t\t<\/span><\/strong><\/p>\n<p>\t\t\t\t\tFlyteknikernes hverdag<\/p>\n<p>\t\t\t\t\tLeder NFO, Roger Handeland<\/p>\n<\/td>\n<td valign=\"top\" class=\"style8\" style=\"width: 43px\">1300<\/td>\n<td class=\"style8\" style=\"width: 400px\" valign=\"top\">\n<p>\t\t\t\t\t<strong>ESSI- nytt europeisk sikkerhets-samarbeid<\/strong><\/p>\n<p>\t\t\t\t\tThor G Johansen, Technical Director Europe, Boeing Aerospace<\/td>\n<\/tr>\n<tr class=\"style1\">\n<td valign=\"top\" style=\"width: 43px\" class=\"style8\">1200<\/td>\n<td style=\"width: 400px\" class=\"style8\" valign=\"top\"><strong><br \/>\n\t\t\t\t\tLunch<\/strong><\/p>\n<\/td>\n<td valign=\"top\" class=\"style8\" style=\"width: 43px\">1330<\/td>\n<td class=\"style8\" style=\"width: 400px\" valign=\"top\">\n<p>\t\t\t\t\t<strong>ALAR &#8211; Approach and Landing Accident Reduction<\/strong><\/p>\n<p>\t\t\t\t\tKaptein Erik Reed-Mohn, SAS<\/td>\n<\/tr>\n<tr class=\"style1\">\n<td valign=\"top\" style=\"width: 43px\" class=\"style8\">1300<\/td>\n<td style=\"width: 400px\" class=\"style8\" valign=\"top\">Jan<br \/>\n\t\t\t\t\tErik &quot;Autofil&quot; Larsen har fritt spillerom<\/td>\n<td valign=\"top\" class=\"style8\" style=\"width: 43px\">1400<\/td>\n<td class=\"style8\" style=\"width: 400px\" valign=\"top\">\n<p>\t\t\t\t\t<strong><\/p>\n<p>\t\t\t\t\tFlyplass og flysikringsavdelingen i Luftfartstilsynet<\/a><br \/>\n\t\t\t\t\tetter flyttingen til Bod\u00f8\u00b8 &#8211; status og aktuelle saker <span class=\"style14\"><\/span><\/strong><\/p>\n<p>\t\t\t\t\tLufartsdirekt\u00f8r Heine Richardsen<\/td>\n<\/tr>\n<tr class=\"style1\">\n<td valign=\"top\" style=\"width: 43px\" class=\"style8\">1330<\/td>\n<td style=\"width: 400px\" class=\"style8\"><strong><\/p>\n<p>\t\t\t\t\tWestland AW 101 SAR helikopter.<\/a> <span class=\"style14\"><\/span><\/strong><\/p>\n<p>\t\t\t\t\tMarketing Manager Paul Herring<\/p>\n<\/td>\n<td valign=\"top\" class=\"style8\" style=\"width: 43px\">1430<\/td>\n<td class=\"style8\" style=\"width: 400px\" valign=\"top\">\n<p>\t\t\t\t\t<strong>Kaffe<\/strong><\/td>\n<\/tr>\n<tr class=\"style1\">\n<td valign=\"top\" style=\"width: 43px\" class=\"style8\">1355<\/td>\n<td style=\"width: 400px\" class=\"style8\"><strong><\/p>\n<p>\t\t\t\t\tPresentasjon av Sikorsky SAR S-92A helikopter<\/a> <span class=\"style14\"><\/p>\n<p>\t\t\t\t\t(link til Sikorsky)<\/span><\/strong><\/p>\n<p>\t\t\t\t\tEric Gizard, Sikorsky Europe<\/p>\n<\/td>\n<td valign=\"top\" class=\"style8\" style=\"width: 43px\">1440<\/td>\n<td class=\"style8\" style=\"width: 400px\" valign=\"top\">\n<p>\t\t\t\t\t<strong><\/p>\n<p>\t\t\t\t\tOWS 360 &#8211; Obstacle Warning System<\/a><\/p>\n<p>\t\t\t\t\t<span class=\"style14\"><\/span><\/strong><\/p>\n<p>\t\t\t\t\tDaglig leder Roger Hansen, Protura <\/td>\n<\/tr>\n<tr class=\"style1\">\n<td valign=\"top\" style=\"width: 43px\" class=\"style8\">1425<\/td>\n<td style=\"width: 400px\" class=\"style8\"><strong>Kaffe<\/p>\n<p>\t\t\t\t\t<\/strong><\/td>\n<td valign=\"top\" class=\"style8\" style=\"width: 43px\">1510<\/td>\n<td class=\"style8\" style=\"width: 400px\" valign=\"top\">\n<p>\t\t\t\t\t<strong><br \/>\n\t\t\t\t\tTerminal 2 Gardermoen &#8211; en orientering<\/a><\/strong><\/p>\n<p>\t\t\t\t\tDir Nic. Nilsen, OSL <span class=\"style14\"><strong><\/strong><\/span><\/td>\n<\/tr>\n<tr class=\"style1\">\n<td valign=\"top\" style=\"width: 43px\" class=\"style8\">1440<\/td>\n<td style=\"width: 400px\" class=\"style8\">\n<p class=\"style7\"><b style=\"mso-bidi-font-weight: normal\"><\/p>\n<p>\t\t\t\t\t<span class=\"style3\"><br \/>\n\t\t\t\t\tADS B status p\u00e5 verdensbasis<\/a> <\/span><\/p>\n<p>\t\t\t\t\t<span class=\"style15\"><\/span><\/b><\/p>\n<p class=\"style7\"><span class=\"style3\">Roger Holm, Avinor<\/span><o:p><\/o:p><\/p>\n<\/td>\n<td valign=\"top\" class=\"style8\" style=\"width: 43px\">1540<\/td>\n<td class=\"style8\" style=\"width: 400px\" valign=\"top\">\n<p>\t\t\t\t\t<strong>Sp\u00f8rrerunde<\/strong><\/td>\n<\/tr>\n<tr class=\"style1\">\n<td valign=\"top\" style=\"width: 43px\" class=\"style8\">1510<\/td>\n<td style=\"width: 400px\" class=\"style8\"><strong>Special<br \/>\n\t\t\t\t\tCategory 1 Approach &#8211; SCAT-1<\/p>\n<p>\t\t\t\t\t<\/strong>Jens Gjerlev, Wider\u00f8e, om satellittbasert innflyging<\/p>\n<\/td>\n<td valign=\"top\" class=\"style8\" style=\"width: 43px\">1600<\/td>\n<td class=\"style8\" style=\"width: 400px\" valign=\"top\">\n<p>\t\t\t\t\t<strong>Avslutning FOF 2008<\/strong><\/td>\n<\/tr>\n<tr class=\"style1\">\n<td valign=\"top\" style=\"width: 43px\" class=\"style8\">1540<\/td>\n<td style=\"width: 400px\" class=\"style8\"><strong><\/p>\n<p>\t\t\t\t\tUAV &#8211; en oppdatering<\/a> <span class=\"style14\"><br \/>\n\t\t\t\t\t(1.69)<\/span><\/strong><\/p>\n<p>\t\t\t\t\tEven Birkeland, Leder for Norsk Forening for Ubemannede Luftfart\u00f8y<\/p>\n<\/td>\n<td valign=\"top\" class=\"style8\" style=\"width: 43px\">&nbsp;<\/td>\n<td class=\"style8\" style=\"width: 400px\" valign=\"top\" rowspan=\"4\">\n<p>\t\t\t\t\t<span class=\"style11\"><strong>ADS-B<\/strong><\/span> <\/p>\n<p>\t\t\t\t\tAutomatic Dependent Surveillance&nbsp; <\/p>\n<p>&nbsp;&nbsp;&nbsp;&nbsp;&nbsp;&nbsp;&nbsp;&nbsp;&nbsp; Broadcast<\/p>\n<p>\t\t\t\t\t<span class=\"style11\"><strong>ATM<\/strong><\/span>&nbsp;&nbsp;&nbsp;<br \/>\n\t\t\t\t\tAir Traffic Management<\/p>\n<p>\t\t\t\t\t<span class=\"style11\"><strong>ATS <\/strong><\/span>&nbsp;&nbsp;&nbsp;<br \/>\n\t\t\t\t\tAir Traffic services<\/p>\n<p>\t\t\t\t\t<span class=\"style11\"><strong>ASAP <\/strong><\/span>&nbsp;<br \/>\n\t\t\t\t\tAdvanced Sectorisation Automation <\/p>\n<p>&nbsp;&nbsp;&nbsp;&nbsp;&nbsp;&nbsp;&nbsp;&nbsp;&nbsp; Project<\/p>\n<p>\t\t\t\t\t<span class=\"style11\"><strong>ESSI<\/strong><\/span>&nbsp;&nbsp;&nbsp;<br \/>\n\t\t\t\t\tEuropean Strategic Safety Initiative<\/p>\n<p>\t\t\t\t\t<span class=\"style11\"><strong>JD&nbsp; <\/strong><\/span>&nbsp;&nbsp;&nbsp;&nbsp;<br \/>\n\t\t\t\t\tJustisdepartementet<\/p>\n<p>\t\t\t\t\t<span class=\"style11\"><strong>MESYS<\/strong><\/span> <\/p>\n<p>\t\t\t\t\tMeldingssystem<\/p>\n<\/td>\n<\/tr>\n<tr class=\"style1\">\n<td valign=\"top\" style=\"width: 43px\" class=\"style8\">1600<\/td>\n<td style=\"width: 400px\" class=\"style8\">Kaffe<\/p>\n<\/td>\n<td valign=\"top\" class=\"style8\" style=\"width: 43px\">&nbsp;<\/td>\n<\/tr>\n<tr class=\"style1\">\n<td valign=\"top\" style=\"width: 43px\" class=\"style8\">1610<\/td>\n<td style=\"width: 400px\" class=\"style8\"><strong><\/p>\n<p>\t\t\t\t\tLockheed C-130J<\/a> &#8211; Norges nye airlift kapasitet<\/p>\n<p>\t\t\t\t\t<span class=\"style14\"><\/span><\/p>\n<p>\t\t\t\t\t<\/strong>Mr PR Helm, Lockheed Martin Aeronautical Systems<\/p>\n<\/td>\n<td valign=\"top\" class=\"style8\" style=\"width: 43px\">&nbsp;<\/td>\n<\/tr>\n<tr class=\"style1\">\n<td valign=\"top\" style=\"width: 43px\" class=\"style8\">1640<\/p>\n<p>\t\t\t\t\t1710<\/td>\n<td style=\"width: 400px\" class=\"style8\">Sp\u00f8rrerunde<\/p>\n<p>\t\t\t\t\tAvslutning dag 1<\/p>\n<\/td>\n<td valign=\"top\" class=\"style8\" style=\"width: 43px\">&nbsp;<\/td>\n<\/tr>\n<\/table>\n","protected":false},"excerpt":{"rendered":"<p>&nbsp; Tirsdag 29. april &nbsp; Onsdag 30 april 0900 \u00c5pning av det 23. Flyoperative Forum Leder Eirik Walle 0900 SHT&#8217;s time &#8211; Standardisering av gjennomgangsh\u00f8yde Havari-inspekt\u00f8r Maren Malthe-S\u00f8renssen og Birger Andreas Bull 0910 Innledning ved Dir Grete Myhre Statens Havarikommisjon for Transport SHT 0945 Sikkerhetstenkning i norsk luftfart. Fortid, n\u00e5tid og fremtid. Jens Christen Rolfsen,&#8230;<\/p>\n","protected":false},"author":1,"featured_media":0,"parent":0,"menu_order":0,"comment_status":"closed","ping_status":"closed","template":"","meta":{"footnotes":""},"class_list":["post-2129","page","type-page","status-publish","hentry"],"translation":{"provider":"WPGlobus","version":"3.0.2","language":"en","enabled_languages":["no","en"],"languages":{"no":{"title":true,"content":true,"excerpt":false},"en":{"title":false,"content":false,"excerpt":false}}},"_links":{"self":[{"href":"https:\/\/fof.aero\/en\/wp-json\/wp\/v2\/pages\/2129","targetHints":{"allow":["GET"]}}],"collection":[{"href":"https:\/\/fof.aero\/en\/wp-json\/wp\/v2\/pages"}],"about":[{"href":"https:\/\/fof.aero\/en\/wp-json\/wp\/v2\/types\/page"}],"author":[{"embeddable":true,"href":"https:\/\/fof.aero\/en\/wp-json\/wp\/v2\/users\/1"}],"replies":[{"embeddable":true,"href":"https:\/\/fof.aero\/en\/wp-json\/wp\/v2\/comments?post=2129"}],"version-history":[{"count":0,"href":"https:\/\/fof.aero\/en\/wp-json\/wp\/v2\/pages\/2129\/revisions"}],"wp:attachment":[{"href":"https:\/\/fof.aero\/en\/wp-json\/wp\/v2\/media?parent=2129"}],"curies":[{"name":"wp","href":"https:\/\/api.w.org\/{rel}","templated":true}]}}