{"id":2130,"date":"2016-10-05T07:53:07","date_gmt":"2016-10-05T05:53:07","guid":{"rendered":"http:\/\/fof.aero\/?page_id=45"},"modified":"2016-10-05T07:53:07","modified_gmt":"2016-10-05T05:53:07","slug":"2007-2","status":"publish","type":"page","link":"https:\/\/fof.aero\/en\/2007-2\/","title":{"rendered":"Agenda 2007"},"content":{"rendered":"<table border=\"0\" width=\"590\">\n<tr>\n<td width=\"245\" align=\"center\"><b><font size=\"4\" color=\"#A50021\">Tirsdag<br \/>\n\t\t24. april<\/font><\/b><\/td>\n<td width=\"245\" align=\"center\"><b><font size=\"4\" color=\"#A50021\">Onsdag<br \/>\n\t\t25. april<\/font><\/b><\/td>\n<\/tr>\n<\/table>\n<table border=\"0\" width=\"590\">\n<tr>\n<td width=\"40\">0900<\/td>\n<td width=\"205\">&nbsp;Velkommen til Flyoperativt Forum 2007 Leder Eirik<br \/>\n\t\tWalle&nbsp; <\/td>\n<td width=\"40\">0900<\/td>\n<td width=\"205\">SHT\u2019s time Aktuelle flysikkerhets-saker \u2013 innenlands<br \/>\n\t\thelikopteroperasjoner Tor N\u00f8rsteg\u00e5rd, Statens Havarikommisjon for<br \/>\n\t\tTransport<\/td>\n<\/tr>\n<tr>\n<td width=\"40\">0905<\/td>\n<td width=\"205\">&nbsp;\u00c5pningsforedrag Inge K Hansen, styreleder Avinor&nbsp; <\/td>\n<td width=\"40\">0940<\/td>\n<td width=\"205\">Innenlands helikopteroperasjoner, utfordringer og<br \/>\n\t\tforbedringspotensiale. Kaptein Hans Henrik Nilsen, Norsk flygerforbund<br \/>\n\t\t(NF)<\/td>\n<\/tr>\n<\/table>\n<table border=\"0\" width=\"590\">\n<tr>\n<td width=\"40\">0930<\/td>\n<td width=\"205\">Boeing \u2013 milj\u00f8vennlige fly Thor G Johansen, Technical<br \/>\n\t\tDirector and Assisting Vice President Engineering &amp; Tech Operations<br \/>\n\t\tEurope<\/td>\n<td width=\"40\">1010<\/td>\n<td width=\"205\">Mangler ved norske flyplasser og luftrom\/ CDM \u2013<br \/>\n\t\tCollaborative Desicion Making relatert til Rwy Safety og kommunikasjon.<br \/>\n\t\tKaptein Knut Backer, Norsk Flygerforbund <br \/>\n\t\tFred Arild Norum, Supervisor Avinor<\/td>\n<\/tr>\n<tr>\n<td width=\"40\">1010 <\/td>\n<td width=\"205\">Rolls Royce &#8211; New Engine Technology <br \/>\n\t\tJeremy Goodwin, Chief of Advanced Propulsion Design <\/td>\n<td width=\"40\">1040 <\/td>\n<td width=\"205\">Pause m\/ utsjekk<\/td>\n<\/tr>\n<\/table>\n<table border=\"0\" width=\"590\">\n<tr>\n<td width=\"40\">1050 <\/td>\n<td width=\"205\">General Electric \u2013 Future Solutions Willard Dodd, GE<br \/>\n\t\tInfra <\/td>\n<td width=\"40\">1055 <\/td>\n<td width=\"205\">Advanced Sectorization and Automation Project Flygeleder<br \/>\n\t\tGeir Gillebo, Prosjektleder<\/td>\n<\/tr>\n<tr>\n<td width=\"40\">1120 <\/td>\n<td width=\"205\">Pause med kaffe <\/td>\n<td width=\"40\">1120 <\/td>\n<td width=\"205\">Valg av nytt jagerfly \u2013 beslutning i 2008. Presentasjon<br \/>\n\t\tav JAS Gripen. Hans Ros\u00e9n, Deputy Marketing Director, Gripen<br \/>\n\t\tInternational<\/td>\n<\/tr>\n<\/table>\n<table border=\"0\" width=\"590\">\n<tr>\n<td width=\"40\">1135 <\/td>\n<td width=\"205\">Unmanned Aerial Vehichles Vil fremtidens fly v\u00e6re<br \/>\n\t\tpilotl\u00f8se? Kaptein Knut Backer, Norsk Flygerforbund <\/td>\n<td width=\"40\">1200 <\/td>\n<td width=\"205\">Lunsj<\/td>\n<\/tr>\n<tr>\n<td width=\"40\">1200<\/td>\n<td width=\"205\">UAV operasjoner i Luftforsvaret Major Anders Lie,<br \/>\n\t\tFaggruppe Kampfly og UAS, Luftoperativt Inspektorat <\/td>\n<td width=\"40\">1300 <\/td>\n<td width=\"205\">Airbus A400M \u2013 Nytt transportfly for Norge? Peter<br \/>\n\t\tScoffham, Head of Customer Marketing &amp; Defence Liason, Airbus Military<\/td>\n<\/tr>\n<\/table>\n<table border=\"0\" width=\"590\">\n<tr>\n<td width=\"40\">1230<\/td>\n<td width=\"205\">Mellom himmel og jord.. Romfarten fyller 50 Knut J\u00f8rgen<br \/>\n\t\tR\u00f8ed \u00d8degaard, Institutt for Teoretisk Astrofysikk, UIO <\/td>\n<td width=\"40\">1320 <\/td>\n<td width=\"205\">Advances Surface Guidance Systems Senior<br \/>\n\t\tsikkerhetsr\u00e5dgiver Roger Holm, Avinor<\/td>\n<\/tr>\n<tr>\n<td width=\"40\">1300 <\/td>\n<td width=\"205\">Lunsj <\/td>\n<td width=\"40\">1340<\/td>\n<td width=\"205\">Luftsport \u2013 Gleder i luftrommet NAK orienterer om<br \/>\n\t\tluftsportsaktiviteter Steinar \u00d8stby, Fagsjef motorflyseksjonen<\/td>\n<\/tr>\n<\/table>\n<table border=\"0\" width=\"590\">\n<tr>\n<td width=\"40\">1400 <\/td>\n<td width=\"205\">Security \u2013 arbeidet til Nasjonal Sikkerhetsmyndighet,<br \/>\n\t\tNSM Seniorr\u00e5dgiver Anders Bj\u00f8nnes<\/td>\n<td width=\"40\">1400 <\/td>\n<td width=\"205\">Pause<\/td>\n<\/tr>\n<tr>\n<td width=\"40\">1430 <\/td>\n<td width=\"205\">Luftfarten \u2013 kveles den av security? Kaptein Jo Bj\u00f8rn<br \/>\n\t\tSkatvold, Norsk Flygerforbund <\/td>\n<td width=\"40\">1415 <\/td>\n<td width=\"205\">Flygerbehovet i \u00e5rene som kommer Daglig leder Thor<br \/>\n\t\tAlvik, Luftfartskolen<\/td>\n<\/tr>\n<\/table>\n<table border=\"0\" width=\"590\">\n<tr>\n<td width=\"40\">1500 <\/td>\n<td width=\"205\">Security \u2013 screening av passasjerer Direkt\u00f8r Per Arne<br \/>\n\t\tWatle, Wider\u00f8e\/NHO Luftfart <\/td>\n<td width=\"40\">1445 <\/td>\n<td width=\"205\">Nye arbeidstidsbestemmelser: Bedret \u00f8konomi og<br \/>\n\t\tflysikkerhet? Jan Dieset, Leder Norsk Flygerforbund<\/td>\n<\/tr>\n<tr>\n<td width=\"40\">1530 <\/td>\n<td width=\"205\">Pause med kaffe<\/td>\n<td width=\"40\">1515 <\/td>\n<td width=\"205\">Flygelederne \u2013 hvor lang lead time f\u00f8r situasjonen er<br \/>\n\t\tnormal? Rolf Skrede, Leder Norsk Flygelederforening<\/td>\n<\/tr>\n<\/table>\n<table border=\"0\" width=\"590\">\n<tr>\n<td width=\"40\">1545 <\/td>\n<td width=\"205\">Security sett fra Luftfartstilsynet Luftfartsdirekt\u00f8r<br \/>\n\t\tHeine Richardsen <\/td>\n<td width=\"40\">1540 <\/td>\n<td width=\"205\">Atlantic Airways \u2013 en presentasjon Magni Arge,<br \/>\n\t\tAccountable Manager<\/td>\n<\/tr>\n<tr>\n<td width=\"40\">1615 <\/td>\n<td width=\"205\">Troll flyplass, Antarktis Ekspedisjonskoordinator John E<br \/>\n\t\tGuldahl, Norsk Polarinstitutt <\/td>\n<td width=\"40\">1600 <\/td>\n<td width=\"205\">Avslutning Flyoperativt Forum 2007<\/td>\n<\/tr>\n<\/table>\n<table border=\"0\" width=\"590\">\n<tr>\n<td width=\"40\">1645 <\/td>\n<td width=\"205\">Birdstrikes \u2013 oppf\u00f8lging fra 2006 Kaptein Odin Leirv\u00e5g,<br \/>\n\t\tSAS Braathen <\/td>\n<td width=\"40\">&nbsp;<\/td>\n<td width=\"205\">&nbsp;<\/td>\n<\/tr>\n<tr>\n<td width=\"40\">1720 <\/td>\n<td width=\"205\">Forel\u00f8pig avslutning f\u00f8rste dag<\/td>\n<td width=\"40\">&nbsp;<\/td>\n<td width=\"205\">&nbsp;<\/td>\n<\/tr>\n<\/table>\n","protected":false},"excerpt":{"rendered":"<p>Tirsdag 24. april Onsdag 25. april 0900 &nbsp;Velkommen til Flyoperativt Forum 2007 Leder Eirik Walle&nbsp; 0900 SHT\u2019s time Aktuelle flysikkerhets-saker \u2013 innenlands helikopteroperasjoner Tor N\u00f8rsteg\u00e5rd, Statens Havarikommisjon for Transport 0905 &nbsp;\u00c5pningsforedrag Inge K Hansen, styreleder Avinor&nbsp; 0940 Innenlands helikopteroperasjoner, utfordringer og forbedringspotensiale. Kaptein Hans Henrik Nilsen, Norsk flygerforbund (NF) 0930 Boeing \u2013 milj\u00f8vennlige fly Thor&#8230;<\/p>\n","protected":false},"author":1,"featured_media":0,"parent":0,"menu_order":0,"comment_status":"closed","ping_status":"closed","template":"","meta":{"footnotes":""},"class_list":["post-2130","page","type-page","status-publish","hentry"],"translation":{"provider":"WPGlobus","version":"3.0.2","language":"en","enabled_languages":["no","en"],"languages":{"no":{"title":true,"content":true,"excerpt":false},"en":{"title":false,"content":false,"excerpt":false}}},"_links":{"self":[{"href":"https:\/\/fof.aero\/en\/wp-json\/wp\/v2\/pages\/2130","targetHints":{"allow":["GET"]}}],"collection":[{"href":"https:\/\/fof.aero\/en\/wp-json\/wp\/v2\/pages"}],"about":[{"href":"https:\/\/fof.aero\/en\/wp-json\/wp\/v2\/types\/page"}],"author":[{"embeddable":true,"href":"https:\/\/fof.aero\/en\/wp-json\/wp\/v2\/users\/1"}],"replies":[{"embeddable":true,"href":"https:\/\/fof.aero\/en\/wp-json\/wp\/v2\/comments?post=2130"}],"version-history":[{"count":0,"href":"https:\/\/fof.aero\/en\/wp-json\/wp\/v2\/pages\/2130\/revisions"}],"wp:attachment":[{"href":"https:\/\/fof.aero\/en\/wp-json\/wp\/v2\/media?parent=2130"}],"curies":[{"name":"wp","href":"https:\/\/api.w.org\/{rel}","templated":true}]}}