{"id":2131,"date":"2016-10-05T07:53:47","date_gmt":"2016-10-05T05:53:47","guid":{"rendered":"http:\/\/fof.aero\/?page_id=47"},"modified":"2016-10-05T07:53:47","modified_gmt":"2016-10-05T05:53:47","slug":"2006-2","status":"publish","type":"page","link":"https:\/\/fof.aero\/en\/2006-2\/","title":{"rendered":"Agenda 2006"},"content":{"rendered":"<table border=\"0\" width=\"590\">\n<tr>\n<td width=\"245\" colspan=\"2\" align=\"center\"><b><br \/>\n\t\t<font size=\"4\" color=\"#A50021\">Tirsdag 25. april<\/font><\/b><\/td>\n<td width=\"245\" colspan=\"2\" align=\"center\"><b><br \/>\n\t\t<font size=\"4\" color=\"#A50021\">Onsdag 26. april<\/font><\/b><\/td>\n<\/tr>\n<tr>\n<td width=\"40\">0900<\/td>\n<td width=\"205\"><b>Velkommen<\/b> v\/leder Flyoperativt Forum Eirik Walle<\/td>\n<td width=\"40\">0900 <\/td>\n<td width=\"205\" rowspan=\"2\"><b>Boeing 787 Dreamliner <br \/>\n\t\t<\/b>Mr Steve Ford, Regional Director &#8211; Product Marketing and Mr. Mark D.<br \/>\n\t\tNorris, European Sales<\/td>\n<\/tr>\n<tr>\n<td width=\"40\">&nbsp;<\/td>\n<td width=\"205\">&nbsp;<\/td>\n<td width=\"40\">&nbsp;<\/td>\n<\/tr>\n<\/table>\n<table border=\"0\" width=\"590\">\n<tr>\n<td width=\"40\">0910<\/td>\n<td width=\"205\"><b>\u00c5pningsforedrag<\/b> <br \/>\n\t\tStatssekret\u00e6r Steinar Tungesvik Samferdselsdepartementet (SD)<\/td>\n<td width=\"40\">0940 <\/td>\n<td width=\"205\"><b>Milit\u00e6re flyoperasjoner i utlandet<\/b> Oblt Espen<br \/>\n\t\tGukild, 335 skv Luftforsvaret<\/td>\n<\/tr>\n<tr>\n<td width=\"40\">0930<\/td>\n<td width=\"205\"><b>Oppf\u00f8lging av Statens Havarikommisjon for Transport&#8217;s<br \/>\n\t\t(SHT) rapport til SD<\/b> Underdirekt\u00f8r Stein Batalden,<br \/>\n\t\tLuftfartsseksjonen, SD <\/td>\n<td width=\"40\">1000 <\/td>\n<td width=\"205\"><b>Nytt konsept for kystoverv\u00e5kning<\/b> Vice President<br \/>\n\t\tTechnical Alliances, Sverre Baard Strand, Wider\u00f8e<\/td>\n<\/tr>\n<\/table>\n<table border=\"0\" width=\"590\">\n<tr>\n<td width=\"40\">0950<\/td>\n<td width=\"205\"><b>SHT redgj\u00f8r for rapporten<\/b> Konstituert direkt\u00f8r<br \/>\n\t\tGrete Myhre <\/td>\n<td width=\"40\">1030 <\/td>\n<td width=\"205\"><b>Pause<\/b> m\/ utsjekk<\/td>\n<\/tr>\n<tr>\n<td width=\"40\">1010<\/td>\n<td width=\"205\"><b>Pause<\/b> m\/kaffe og frukt<\/td>\n<td width=\"40\">1100<\/td>\n<td width=\"205\"><b>Unmanned Aerial Vehicle\u2019s, milit\u00e6rt hjelpemiddel som<br \/>\n\t\tsivil trussel?<\/b> Knut Backer, kapt. Norsk Flygerforbund<\/td>\n<\/tr>\n<\/table>\n<table border=\"0\" width=\"590\">\n<tr>\n<td width=\"40\">1030<\/td>\n<td width=\"205\"><b>Luftfartstilsynet &#8211; vurderinger<\/b> Direkt\u00f8r Otto<br \/>\n\t\tLagarhus <\/td>\n<td width=\"40\">1130 <\/td>\n<td width=\"205\"><b>Lunch<\/b><\/td>\n<\/tr>\n<tr>\n<td width=\"40\">1050<\/td>\n<td width=\"205\"><b>Avinor&#8217;s syn <br \/>\n\t\t<\/b>Sikkerhetsdirekt\u00f8r Jan Wright <\/td>\n<td width=\"40\">1230 <\/td>\n<td width=\"205\"><b>SHT&#8217;s time<\/b><\/td>\n<\/tr>\n<\/table>\n<table border=\"0\" width=\"590\">\n<tr>\n<td width=\"40\">1110<\/td>\n<td width=\"205\"><b>SAS Braathens integrasjon <\/b>Pilot Dag Henning<br \/>\n\t\tPaulsen\/Dag Falk Petersen, Senior Vice President Operations <\/td>\n<td width=\"40\">1320 <\/td>\n<td width=\"205\"><b>Birdstrikes<\/b> Kapt Odin Leirv\u00e5g, SAS Braathens<\/td>\n<\/tr>\n<tr>\n<td width=\"40\">1130<\/td>\n<td width=\"205\"><b>Pause<\/b> m\/kaffe <\/td>\n<td width=\"40\">1340 <\/td>\n<td width=\"205\"><b>OCAS &#8211; Obstacle Clearance Avoidance System<\/b> &#8211;<br \/>\n\t\tOppdatering ved testflyger Rolf Bakken<\/td>\n<\/tr>\n<\/table>\n<table border=\"0\" width=\"590\">\n<tr>\n<td width=\"40\">1145 <\/td>\n<td width=\"205\"><b>Kilder til helse i liv og arbeid <\/b><br \/>\n\t\tProf. sos. med. Per Fugelli, UIO <\/td>\n<td width=\"40\">1405 <\/td>\n<td width=\"205\"><b>Pause<\/b><\/td>\n<\/tr>\n<tr>\n<td width=\"40\">1215<\/td>\n<td width=\"205\"><b>Paneldebatt<\/b> Moderator &#8211; adm dir Dag H\u00e5rstad <\/td>\n<td width=\"40\">1420 <\/td>\n<td width=\"205\"><b>Advanced Surface Guidance Systems<\/b> <br \/>\n\t\tSenior sikkerhetsr\u00e5dgiver Roger Holm, Avinor<\/td>\n<\/tr>\n<\/table>\n<table border=\"0\" width=\"590\">\n<tr>\n<td width=\"40\">1300<\/td>\n<td width=\"205\"><b>Lunsj<\/b><\/td>\n<td width=\"40\">1450 <\/td>\n<td width=\"205\"><b>Lavsiktoperasjoner OSL <\/b>Ass sjefsflygeleder Knut<br \/>\n\t\tRiis, Avinor<\/td>\n<\/tr>\n<tr>\n<td width=\"40\">1400<\/td>\n<td width=\"205\"><b>SAR helikopter p\u00e5 Svalbard<\/b> Kaptein Snorre Hagen,<br \/>\n\t\tAirlift <\/td>\n<td width=\"40\">1520 <\/td>\n<td width=\"205\"><b>SID\/STARs OSL &#8211; problemstillinger etter LT&#8217;s p\u00e5legg.<\/b><br \/>\n\t\tNorsk Flygelederforening: Paul Johannesen Norsk Flygerforbund: Kaptein<br \/>\n\t\tKnut Backer<\/td>\n<\/tr>\n<tr>\n<td width=\"40\">1430<\/td>\n<td width=\"205\"><b>Offshore operations, integrering av S92 Operativ<br \/>\n\t\tdirekt\u00f8r Leif Overskott, Norsk Helikopter, <\/b>Sjefspilot S-92, Arne<br \/>\n\t\tMartin Gilberg, NH <\/td>\n<td width=\"40\">1550 <\/td>\n<td width=\"205\"><b>Avslutning Flyoperativt Forum 2006<\/b><\/td>\n<\/tr>\n<tr>\n<td width=\"40\">1520<\/td>\n<td width=\"205\">Flyv\u00e6rtjenesten Arnulf Heideg\u00e5rd, Sjef Flyv\u00e6rtjenesten<br \/>\n\t\tDNMI<\/td>\n<td width=\"40\">&nbsp;<\/td>\n<td width=\"205\">&nbsp;<\/td>\n<\/tr>\n<tr>\n<td width=\"40\">1550<\/td>\n<td width=\"205\"><b>Norwegian &#8211; en seri\u00f8s utfordrer<\/b> Administrerende<br \/>\n\t\tdirekt\u00f8r Bj\u00f8rn Kjos<\/td>\n<td width=\"40\">&nbsp;<\/td>\n<td width=\"205\">&nbsp;<\/td>\n<\/tr>\n<tr>\n<td width=\"40\">1620<\/td>\n<td width=\"205\"><b>Pause m\/kaffe<\/b><\/td>\n<td width=\"40\">&nbsp;<\/td>\n<td width=\"205\">&nbsp;<\/td>\n<\/tr>\n<tr>\n<td width=\"40\">1700<\/td>\n<td width=\"205\"><b><br \/>\n\t\t<span style=\"font-size: 10.0pt; line-height: 115%; font-family: Arial,sans-serif; color: black\"><br \/>\n\t\tFlyverrekruttering<\/span><\/b><span style=\"font-size: 10.0pt; line-height: 115%; font-family: Arial,sans-serif; color: black\"><br \/>\n\t\tAdm dir Olav Strangstad, AviaTraining AS<\/span><\/td>\n<td width=\"40\">&nbsp;<\/td>\n<td width=\"205\">&nbsp;<\/td>\n<\/tr>\n<\/table>\n","protected":false},"excerpt":{"rendered":"<p>Tirsdag 25. april Onsdag 26. april 0900 Velkommen v\/leder Flyoperativt Forum Eirik Walle 0900 Boeing 787 Dreamliner Mr Steve Ford, Regional Director &#8211; Product Marketing and Mr. Mark D. Norris, European Sales &nbsp; &nbsp; &nbsp; 0910 \u00c5pningsforedrag Statssekret\u00e6r Steinar Tungesvik Samferdselsdepartementet (SD) 0940 Milit\u00e6re flyoperasjoner i utlandet Oblt Espen Gukild, 335 skv Luftforsvaret 0930 Oppf\u00f8lging&#8230;<\/p>\n","protected":false},"author":1,"featured_media":0,"parent":0,"menu_order":0,"comment_status":"closed","ping_status":"closed","template":"","meta":{"footnotes":""},"class_list":["post-2131","page","type-page","status-publish","hentry"],"translation":{"provider":"WPGlobus","version":"3.0.2","language":"en","enabled_languages":["no","en"],"languages":{"no":{"title":true,"content":true,"excerpt":false},"en":{"title":false,"content":false,"excerpt":false}}},"_links":{"self":[{"href":"https:\/\/fof.aero\/en\/wp-json\/wp\/v2\/pages\/2131","targetHints":{"allow":["GET"]}}],"collection":[{"href":"https:\/\/fof.aero\/en\/wp-json\/wp\/v2\/pages"}],"about":[{"href":"https:\/\/fof.aero\/en\/wp-json\/wp\/v2\/types\/page"}],"author":[{"embeddable":true,"href":"https:\/\/fof.aero\/en\/wp-json\/wp\/v2\/users\/1"}],"replies":[{"embeddable":true,"href":"https:\/\/fof.aero\/en\/wp-json\/wp\/v2\/comments?post=2131"}],"version-history":[{"count":0,"href":"https:\/\/fof.aero\/en\/wp-json\/wp\/v2\/pages\/2131\/revisions"}],"wp:attachment":[{"href":"https:\/\/fof.aero\/en\/wp-json\/wp\/v2\/media?parent=2131"}],"curies":[{"name":"wp","href":"https:\/\/api.w.org\/{rel}","templated":true}]}}