{"id":2132,"date":"2016-10-05T07:54:23","date_gmt":"2016-10-05T05:54:23","guid":{"rendered":"http:\/\/fof.aero\/?page_id=49"},"modified":"2016-10-05T07:54:23","modified_gmt":"2016-10-05T05:54:23","slug":"2005-2","status":"publish","type":"page","link":"https:\/\/fof.aero\/en\/2005-2\/","title":{"rendered":"Agenda 2005"},"content":{"rendered":"<table border=\"0\" width=\"590\">\n<tr>\n<td width=\"245\" align=\"center\"><b><font size=\"4\" color=\"#A50021\">Tirsdag<br \/>\n\t\t19. april<\/font><\/b><\/td>\n<td width=\"245\" align=\"center\"><b><font size=\"4\" color=\"#A50021\">Onsdag<br \/>\n\t\t20. april<\/font><\/b><\/td>\n<\/tr>\n<\/table>\n<table border=\"0\" width=\"590\">\n<tr>\n<td width=\"40\">0900<\/td>\n<td width=\"205\"><b><br \/>\n\t\t<span style=\"font-size: 10.0pt; line-height: 115%; font-family: Arial,sans-serif; color: black\"><br \/>\n\t\tVelkommen til FoF 2005<br \/>\n\t\t<\/span><\/b><br \/>\n\t\t<span style=\"font-size: 10.0pt; line-height: 115%; font-family: Arial,sans-serif; color: black\"><br \/>\n\t\tStyreleder Eirik Walle Motorflyseksjonen NAK\/NLF<\/span><\/td>\n<td width=\"40\">0900<\/td>\n<td width=\"205\"><b><br \/>\n\t\t<span lang=\"EN-US\" style=\"font-size: 10.0pt; line-height: 115%; font-family: Arial,sans-serif; color: black\"><br \/>\n\t\tLockheed Martin JSF<\/span><\/b><span lang=\"EN-US\" style=\"font-size: 10.0pt; line-height: 115%; font-family: Arial,sans-serif; color: black\"><br \/>\n\t\tGenerall\u00f8ytnant (R) Per B\u00f8thun<\/span><\/td>\n<\/tr>\n<tr>\n<td width=\"40\">0910<\/td>\n<td width=\"205\">\n\t\t<span style=\"font-size: 10.0pt; line-height: 115%; font-family: Arial,sans-serif; color: black\"><br \/>\n\t\t<b>\u00c5pningsforedrag<br \/>\n\t\t<\/b>Luftfartsdiekt\u00f8r Otto Lagarhus<\/span><\/td>\n<td width=\"40\">0920<\/td>\n<td width=\"205\"><b><br \/>\n\t\t<span lang=\"EN-US\" style=\"font-size: 10.0pt; line-height: 115%; font-family: Arial,sans-serif; color: black\"><br \/>\n\t\tEurofighter<\/span><\/b><span lang=\"EN-US\" style=\"font-size: 10.0pt; line-height: 115%; font-family: Arial,sans-serif; color: black\"><br \/>\n\t\tVice President EADS, David Hamilton<\/span><\/td>\n<\/tr>\n<tr>\n<td width=\"40\">0940<\/td>\n<td width=\"205\"><b><br \/>\n\t\t<span style=\"font-size: 10.0pt; line-height: 115%; font-family: Arial,sans-serif; color: black\"><br \/>\n\t\tAirmanship<br \/>\n\t\t<\/span><\/b><br \/>\n\t\t<span style=\"font-size: 10.0pt; line-height: 115%; font-family: Arial,sans-serif; color: black\"><br \/>\n\t\tKvalitetsdirekt\u00f8r Stein A Fossum, Airlift AS<\/span><\/td>\n<td width=\"40\">0940<\/td>\n<td width=\"205\">\n\t\t<span style=\"font-size: 10.0pt; line-height: 115%; font-family: Arial,sans-serif; color: black\"><br \/>\n\t\t<b>Pause<\/b> m\/kaffe, Utsjekk<\/span><\/td>\n<\/tr>\n<\/table>\n<table border=\"0\" width=\"590\">\n<tr>\n<td width=\"40\">1010<\/td>\n<td width=\"205\"><b><br \/>\n\t\t<span style=\"font-size: 10.0pt; line-height: 115%; font-family: Arial,sans-serif; color: #A50021\"><br \/>\n\t\tPause med kaffe og frukt<\/span><\/b><\/td>\n<td width=\"40\">1010<\/td>\n<td width=\"205\"><b><br \/>\n\t\t<span style=\"font-size: 10.0pt; line-height: 115%; font-family: Arial,sans-serif; color: black\"><br \/>\n\t\tH\u00f8yrisikooperasjoner med luftfart\u00f8y<\/span><\/b><span style=\"font-size: 10.0pt; line-height: 115%; font-family: Arial,sans-serif; color: black\"><br \/>\n\t\tLuftambulansen &#8211; Sjefsflyger Erik Norman<\/span><\/td>\n<\/tr>\n<\/table>\n<table border=\"0\" width=\"590\">\n<tr>\n<td width=\"40\">1030<\/td>\n<td width=\"205\"><b><br \/>\n\t\t<span style=\"font-size: 10.0pt; line-height: 115%; font-family: Arial,sans-serif; color: black\"><br \/>\n\t\tHMS &#8211; De menneskelige faktorer<br \/>\n\t\t<\/span><\/b><br \/>\n\t\t<span style=\"font-size: 10.0pt; line-height: 115%; font-family: Arial,sans-serif; color: black\"><br \/>\n\t\tJohn Steineger, Flymedisinsk Institutt<\/span><\/td>\n<td width=\"40\">1040<\/td>\n<td width=\"205\"><b><br \/>\n\t\t<span style=\"font-size: 10.0pt; line-height: 115%; font-family: Arial,sans-serif; color: black\"><br \/>\n\t\tPolitihelikopteret<\/span><\/b><span style=\"font-size: 10.0pt; line-height: 115%; font-family: Arial,sans-serif; color: black\"><br \/>\n\t\tAvdelingssjef H\u00e5kon Gerhardsen, Politiet<\/span><\/td>\n<\/tr>\n<tr>\n<td width=\"40\">1050<\/td>\n<td width=\"205\"><b><br \/>\n\t\t<span style=\"font-size: 10.0pt; line-height: 115%; font-family: Arial,sans-serif; color: black\"><br \/>\n\t\tArbeidsmilj\u00f8 og arbeidstid i sivil luftfart<br \/>\n\t\t-Optimal og sikker utf\u00f8relse<br \/>\n\t\t<\/span><\/b><br \/>\n\t\t<span style=\"font-size: 10.0pt; line-height: 115%; font-family: Arial,sans-serif; color: black\"><br \/>\n\t\tHMS Inspekt\u00f8r Torkjell Vik, Luftfartstilsynet<\/span><\/td>\n<td width=\"40\">1100<\/td>\n<td width=\"205\"><b><br \/>\n\t\t<span style=\"font-size: 10.0pt; line-height: 115%; font-family: Arial,sans-serif; color: black\"><br \/>\n\t\tP\u00e5 tur med 335 skvadron<\/span><\/b><span style=\"font-size: 10.0pt; line-height: 115%; font-family: Arial,sans-serif; color: black\"><br \/>\n\t\tKaptein Erik Nedal, Navigat\u00f8r 335<\/span><\/td>\n<\/tr>\n<\/table>\n<table border=\"0\" width=\"590\">\n<tr>\n<td width=\"40\">1140<\/td>\n<td width=\"205\">\n\t\t<span style=\"font-size: 10.0pt; line-height: 115%; font-family: Arial,sans-serif; color: black\"><br \/>\n\t\t<b>Pause<\/b> m\/kaffe<\/span><\/td>\n<td width=\"40\">1130<\/td>\n<td width=\"205\"><b><br \/>\n\t\t<span style=\"font-size: 10.0pt; line-height: 115%; font-family: Arial,sans-serif; color: #A50021\"><br \/>\n\t\tLunsj<\/span><\/b><\/td>\n<\/tr>\n<tr>\n<td width=\"40\">1155<\/td>\n<td width=\"205\"><b><br \/>\n\t\t<span lang=\"EN-US\" style=\"font-size: 10.0pt; line-height: 115%; font-family: Arial,sans-serif; color: black\"><br \/>\n\t\tFlight Safety Management<\/span><\/b><span lang=\"EN-US\" style=\"font-size: 10.0pt; line-height: 115%; font-family: Arial,sans-serif; color: black\"><br \/>\n\t\tFlygesjef Tom Wike, Sundt Air AS<\/span><\/td>\n<td width=\"40\">1230<\/td>\n<td width=\"205\"><b><br \/>\n\t\t<span style=\"font-size: 10.0pt; line-height: 115%; font-family: Arial,sans-serif; color: black\"><br \/>\n\t\tTerroranslag i luften<\/span><\/b><span style=\"font-size: 10.0pt; line-height: 115%; font-family: Arial,sans-serif; color: black\"><br \/>\n\t\t<b>Kato Air 605 erfart fra cockpit<\/b><br \/>\n\t\tKaptein Stein Lian<\/span><\/td>\n<\/tr>\n<\/table>\n<table border=\"0\" width=\"590\">\n<tr>\n<td width=\"40\">1230<\/td>\n<td width=\"205\"><b>Callsign Confusion &quot;A never ending story&quot; <br \/>\n\t\t<\/b>Oppl\u00e6ringsleder Knut Riis, Avinor, Gardermoen TWR<\/td>\n<td width=\"40\">1315<\/td>\n<td width=\"205\"><b><br \/>\n\t\t<span style=\"font-size: 10.0pt; line-height: 115%; font-family: Arial,sans-serif; color: black\"><br \/>\n\t\tTerrorberedskap<\/span><\/b><span style=\"font-size: 10.0pt; line-height: 115%; font-family: Arial,sans-serif; color: black\"><br \/>\n\t\tJostein Eidem, Fellesoperativt Hovedkvarter, Forsvaret<\/span><\/td>\n<\/tr>\n<tr>\n<td width=\"40\">1300<\/td>\n<td width=\"205\"><b><br \/>\n\t\t<span style=\"font-size: 10.0pt; line-height: 115%; font-family: Arial,sans-serif; color: #A50021\"><br \/>\n\t\tLunsj<\/span><\/b><\/td>\n<td width=\"40\">1330<\/td>\n<td width=\"205\"><font color=\"#A50021\"><b>Pause<\/b><\/font><\/td>\n<\/tr>\n<\/table>\n<table border=\"0\" width=\"590\">\n<tr>\n<td width=\"40\">1400<\/td>\n<td width=\"205\"><b><br \/>\n\t\t<span style=\"font-size: 10.0pt; line-height: 115%; font-family: Arial,sans-serif; color: black\"><br \/>\n\t\tHvordan gj\u00f8re det trygge enda tryggere?<br \/>\n\t\tRisiko ved inn- og utflyging til norske lufthavner<\/span><\/b><span style=\"font-size: 10.0pt; line-height: 115%; font-family: Arial,sans-serif; color: black\"><br \/>\n\t\tSeniorkonsulent Olai R Hjetland, Det Norske Veritas<\/span><\/td>\n<td width=\"40\">1350<\/td>\n<td width=\"205\"><b><br \/>\n\t\t<span lang=\"EN-US\" style=\"font-size: 10.0pt; line-height: 115%; font-family: Arial,sans-serif; color: black\"><br \/>\n\t\tAirport Security<\/span><\/b><span lang=\"EN-US\" style=\"font-size: 10.0pt; line-height: 115%; font-family: Arial,sans-serif; color: black\"><br \/>\n\t\tSikkerhetsdirekt\u00f8r Jan Wright, Avinor<\/span><\/td>\n<\/tr>\n<tr>\n<td width=\"40\">1500<\/td>\n<td width=\"205\">\n\t\t<span style=\"font-size: 10.0pt; line-height: 115%; font-family: Arial,sans-serif; color: #A50021; font-weight: 700\"><br \/>\n\t\tPause m\/kaffe<\/span><\/td>\n<td width=\"40\">1425<\/td>\n<td width=\"205\"><font color=\"#A50021\"><b>Pause<\/b><\/font><\/td>\n<\/tr>\n<tr>\n<td width=\"40\">1520<\/td>\n<td width=\"205\"><b><br \/>\n\t\t<span style=\"font-size: 10.0pt; line-height: 115%; font-family: Arial,sans-serif; color: black\"><br \/>\n\t\tRisikobasert overv\u00e5kning og tilsyn i operativ virksomhet. Risikobasert<br \/>\n\t\ttilsynsprosjekt,<\/span><\/b><span style=\"font-size: 10.0pt; line-height: 115%; font-family: Arial,sans-serif; color: black\"><br \/>\n\t\tFagleder Torleif Huseb\u00f8, Petroleumstilsynet<\/span><\/td>\n<td width=\"40\">1435<\/td>\n<td width=\"205\"><b><br \/>\n\t\t<span style=\"font-size: 10.0pt; line-height: 115%; font-family: Arial,sans-serif; color: black\"><br \/>\n\t\tHSLB&#8217;s time<\/span><\/b><\/td>\n<\/tr>\n<tr>\n<td width=\"40\">1600<\/td>\n<td width=\"205\"><b><br \/>\n\t\t<span style=\"font-size: 10.0pt; line-height: 115%; font-family: Arial,sans-serif; color: black\"><br \/>\n\t\tIdentifisering og h\u00e5ndtering av risiko i luftfart<\/span><\/b><span style=\"font-size: 10.0pt; line-height: 115%; font-family: Arial,sans-serif; color: black\"><br \/>\n\t\tHarry Larsen, CHC Helikopter Service AS<\/span><\/td>\n<td width=\"40\">1520<\/td>\n<td width=\"205\">\n\t\t<span style=\"font-size: 10.0pt; line-height: 115%; font-family: Arial,sans-serif; color: black\"><br \/>\n\t\t<b>Aktuelle flytryggingssaker<br \/>\n\t\t<\/b>Nestleder Rolf Liland, Norsk Flygerforbund<\/span><\/td>\n<\/tr>\n<tr>\n<td width=\"40\">1630<\/td>\n<td width=\"205\"><b><br \/>\n\t\t<span lang=\"EN-US\" style=\"font-size: 10.0pt; line-height: 115%; font-family: Arial,sans-serif; color: black\"><br \/>\n\t\tFlight Data Monitoring. Flight Safety Program.<\/span><\/b><span lang=\"EN-US\" style=\"font-size: 10.0pt; line-height: 115%; font-family: Arial,sans-serif; color: black\"><br \/>\n\t\tSales Manager Kevin Martin, Aerobytes<\/span><\/td>\n<td width=\"40\">1555<\/td>\n<td width=\"205\"><b><br \/>\n\t\t<span lang=\"EN-GB\" style=\"font-size: 10.0pt; line-height: 115%; font-family: Arial,sans-serif; color: #A50021\"><br \/>\n\t\tAvslutning FoF 200<\/span><span style=\"font-size: 10.0pt; line-height: 115%; font-family: Arial,sans-serif; color: #A50021\">5<\/span><\/b><\/td>\n<\/tr>\n<tr>\n<td width=\"40\">1700<\/td>\n<td width=\"205\"><b><br \/>\n\t\t<span style=\"font-size: 10.0pt; line-height: 115%; font-family: Arial,sans-serif; color: black\"><br \/>\n\t\tNy teknologi<\/span><\/b><span style=\"font-size: 10.0pt; line-height: 115%; font-family: Arial,sans-serif; color: black\"><br \/>\n\t\t<b>Electronic Flight Bag, GBAS, Digital Hud.<\/b><br \/>\n\t\tKaptein Kjetil Eide-Andersen, Flysikkerhetskommiteen ADO\/NF<\/span><\/td>\n<td width=\"40\">&nbsp;<\/td>\n<td width=\"205\">&nbsp;<\/td>\n<\/tr>\n<\/table>\n","protected":false},"excerpt":{"rendered":"<p>Tirsdag 19. april Onsdag 20. april 0900 Velkommen til FoF 2005 Styreleder Eirik Walle Motorflyseksjonen NAK\/NLF 0900 Lockheed Martin JSF Generall\u00f8ytnant (R) Per B\u00f8thun 0910 \u00c5pningsforedrag Luftfartsdiekt\u00f8r Otto Lagarhus 0920 Eurofighter Vice President EADS, David Hamilton 0940 Airmanship Kvalitetsdirekt\u00f8r Stein A Fossum, Airlift AS 0940 Pause m\/kaffe, Utsjekk 1010 Pause med kaffe og frukt 1010&#8230;<\/p>\n","protected":false},"author":1,"featured_media":0,"parent":0,"menu_order":0,"comment_status":"closed","ping_status":"closed","template":"","meta":{"footnotes":""},"class_list":["post-2132","page","type-page","status-publish","hentry"],"translation":{"provider":"WPGlobus","version":"3.0.2","language":"en","enabled_languages":["no","en"],"languages":{"no":{"title":true,"content":true,"excerpt":false},"en":{"title":false,"content":false,"excerpt":false}}},"_links":{"self":[{"href":"https:\/\/fof.aero\/en\/wp-json\/wp\/v2\/pages\/2132","targetHints":{"allow":["GET"]}}],"collection":[{"href":"https:\/\/fof.aero\/en\/wp-json\/wp\/v2\/pages"}],"about":[{"href":"https:\/\/fof.aero\/en\/wp-json\/wp\/v2\/types\/page"}],"author":[{"embeddable":true,"href":"https:\/\/fof.aero\/en\/wp-json\/wp\/v2\/users\/1"}],"replies":[{"embeddable":true,"href":"https:\/\/fof.aero\/en\/wp-json\/wp\/v2\/comments?post=2132"}],"version-history":[{"count":0,"href":"https:\/\/fof.aero\/en\/wp-json\/wp\/v2\/pages\/2132\/revisions"}],"wp:attachment":[{"href":"https:\/\/fof.aero\/en\/wp-json\/wp\/v2\/media?parent=2132"}],"curies":[{"name":"wp","href":"https:\/\/api.w.org\/{rel}","templated":true}]}}