{"id":37,"date":"2016-10-05T07:36:46","date_gmt":"2016-10-05T05:36:46","guid":{"rendered":"http:\/\/fof.aero\/?page_id=7"},"modified":"2025-01-19T16:29:22","modified_gmt":"2025-01-19T16:29:22","slug":"om-fof","status":"publish","type":"page","link":"https:\/\/fof.aero\/en\/om-fof\/","title":{"rendered":"Informasjon om Flyoperativt Forum"},"content":{"rendered":"\t\t<div data-elementor-type=\"wp-page\" data-elementor-id=\"37\" class=\"elementor elementor-37\" data-elementor-post-type=\"page\">\n\t\t\t\t<div class=\"elementor-element elementor-element-5f7a79af e-con-full e-flex e-con e-parent\" data-id=\"5f7a79af\" data-element_type=\"container\">\n\t\t\t\t<div class=\"elementor-element elementor-element-bcd02c2 elementor-widget elementor-widget-text-editor\" data-id=\"bcd02c2\" data-element_type=\"widget\" data-widget_type=\"text-editor.default\">\n\t\t\t\t<div class=\"elementor-widget-container\">\n\t\t\t\t\t\t\t\t\t<p><b>Arbeidsutvalget <\/b>er satt sammen av personer med bred erfaring fra det det sivile og milit\u00e6re flymilj\u00f8 i Norge. De har en genuin interesse for det som r\u00f8rer seg innen feltet og deres store felles kontaktnett innen det flyoperative milj\u00f8 er medvirkende til \u00e5 skape en dagsaktuell agenda for konferansen. V\u00e5r visjon er \u00e5 &#8220;Skape Norges beste luftfartskonferanse der alle f\u00f8ler seg velkomne&#8221;.<\/p>\n<p>Fra oppstarten i 1987 kan vi lese: Flyoperativt Forum ble f\u00f8rste gang arrangert i 1987 etter initiativ fra tre personer: T.A. Nyg\u00e5rd, Gerhard Pettersen og Bj\u00f8rn B\u00f8. Forumet har som form\u00e5l: \u00c5 arbeide for en operativ velprofilert, rasjonell og sikker luftfart, der effektiv egen.kontroll styrer virksom\u00adhetene innenfor de rammebetingelser som gjelder; og \u00e5 utvikle ogforbedre helhetsstrukturen i norsk luftfart. Konferansen er et godt middel til \u00e5 samle flest mulig av det flyoperative n\u00f8kkelpersonell slik at disse kan bli kjent med hverandre og utveksle erfaringer i et uformelt milj\u00f8. Arbeidsutvalget s\u00f8ker \u00e5 legge til rette for at norske og internasjonale spesialister innen sine fagfelt kan dele sine erfaringer med oss gjennom presentasjoner av h\u00f8y kvalitet.<\/p>\n<p><b>M\u00e5lsetting<\/b><br>Flyoperativt Forum er en ideell organisasjon som ikke driver n\u00e6ringsvirksomhet. FoF er som navnet sier en Flyoperativ luftfartskonferanse som har som form\u00e5l \u00e5 samle flyoperativt personell p\u00e5 ledelsesniv\u00e5 fra alle selskap\/akt\u00f8rer i norsk luftfart. Konferansen er \u00e5pen for alle, ogs\u00e5 pressen. Konferansen er et middel til \u00e5 samle flest mulig av det flyoperative n\u00f8kkelpersonell slik at disse kan bli kjent med hverandre og utveksle erfaringer i et uformelt milj\u00f8. Styret og arbeidsutvalget s\u00f8ker \u00e5 legge til rette for at norske og internasjonale spesialister innen sine fagfelt kan dele sine erfaringer gjennom presentasjoner av h\u00f8y kvalitet. Arbeidet skal preges av frivillighet, demokrati, lojalitet og likeverd.<br>Flyoperativt Forum skal avholde og gjennomf\u00f8re en \u00e5rlig konferanse \/ seminar som normalt legges til primo april.<br>\u2022 FoF skal arbeide for \u00e5 oppn\u00e5 en operativ og sikker luftfart<br>\u2022 FoF skal utvikle og forbedre helhetsstrukturen i norsk luftfart<br>\u2022 FoF skal gjennom konferansen \u00f8ke deltagernes operative forst\u00e5else for de ulike elementene i luftfarten<br>\u2022 FoF skal f\u00e5 istand handlingsrettede diskusjoner over flyoperative saker av felles interesse<br>\u2022 FoF skal orientere om nyutviklingen innen luftfarten<br>\u2022 FoF skal ha jevnlig dialog med politiske s\u00e5vel som faglige myndigheter<br>\u2022 FoF skal bist\u00e5 journalister med informasjon om etterforskning og fakta om luftfart etter flyulykker.<\/p>\n<p><b>Flyoperativt Forum<br><\/b>Flyoperativt Forum er som navnet sier en Flyoperativ luftfartskonferanse som har som form\u00e5l \u00e5 samle flyoperativt personell p\u00e5 alle niv\u00e5 fra alle selskap\/akt\u00f8rer i norsk og europeisk luftfart. Konferansen er en \u00e5rlig foreteelse som arrangeres i april. Den f\u00f8rste konferansen ble arrangert i 1987 og dette gj\u00f8r FOF til den eldste konferansen av denne type i Norge. Konferansen er \u00e5pen for alle, ogs\u00e5 pressen.<\/p>\t\t\t\t\t\t\t\t<\/div>\n\t\t\t\t<\/div>\n\t\t\t\t<\/div>\n\t\t\t\t<\/div>\n\t\t","protected":false},"excerpt":{"rendered":"<p>Arbeidsutvalget er satt sammen av personer med bred erfaring fra det det sivile og milit\u00e6re flymilj\u00f8 i Norge. De har en genuin interesse for det som r\u00f8rer seg innen feltet og deres store felles kontaktnett innen det flyoperative milj\u00f8 er medvirkende til \u00e5 skape en dagsaktuell agenda for konferansen. V\u00e5r visjon er \u00e5 &#8220;Skape Norges&#8230;<\/p>\n","protected":false},"author":1,"featured_media":0,"parent":0,"menu_order":0,"comment_status":"closed","ping_status":"closed","template":"elementor_theme","meta":{"footnotes":""},"class_list":["post-37","page","type-page","status-publish","hentry"],"translation":{"provider":"WPGlobus","version":"3.0.2","language":"en","enabled_languages":["no","en"],"languages":{"no":{"title":true,"content":true,"excerpt":false},"en":{"title":false,"content":false,"excerpt":false}}},"_links":{"self":[{"href":"https:\/\/fof.aero\/en\/wp-json\/wp\/v2\/pages\/37","targetHints":{"allow":["GET"]}}],"collection":[{"href":"https:\/\/fof.aero\/en\/wp-json\/wp\/v2\/pages"}],"about":[{"href":"https:\/\/fof.aero\/en\/wp-json\/wp\/v2\/types\/page"}],"author":[{"embeddable":true,"href":"https:\/\/fof.aero\/en\/wp-json\/wp\/v2\/users\/1"}],"replies":[{"embeddable":true,"href":"https:\/\/fof.aero\/en\/wp-json\/wp\/v2\/comments?post=37"}],"version-history":[{"count":8,"href":"https:\/\/fof.aero\/en\/wp-json\/wp\/v2\/pages\/37\/revisions"}],"predecessor-version":[{"id":2469,"href":"https:\/\/fof.aero\/en\/wp-json\/wp\/v2\/pages\/37\/revisions\/2469"}],"wp:attachment":[{"href":"https:\/\/fof.aero\/en\/wp-json\/wp\/v2\/media?parent=37"}],"curies":[{"name":"wp","href":"https:\/\/api.w.org\/{rel}","templated":true}]}}