{"id":43,"date":"2016-10-05T07:42:41","date_gmt":"2016-10-05T05:42:41","guid":{"rendered":"http:\/\/fof.aero\/?page_id=20"},"modified":"2016-10-05T07:42:41","modified_gmt":"2016-10-05T05:42:41","slug":"2015-award","status":"publish","type":"page","link":"https:\/\/fof.aero\/en\/2015-award\/","title":{"rendered":"2015 Award"},"content":{"rendered":"<p><strong>General Wilhelm Mohr mottok FoF&#8217;s \u00e6respris for sitt bidrag til Norsk luftfart.<\/strong><br \/>\n<img fetchpriority=\"high\" decoding=\"async\" width=\"590\" height=\"266\" src=\"http:\/\/172-232-150-53.ip.linodeusercontent.com\/wp-content\/uploads\/2016\/10\/2015_award_mohr.png\" alt=\"2015_award_mohr\" class=\"alignleft size-full wp-image-108\" srcset=\"https:\/\/fof.aero\/wp-content\/uploads\/2016\/10\/2015_award_mohr.png 590w, https:\/\/fof.aero\/wp-content\/uploads\/2016\/10\/2015_award_mohr-300x135.png 300w\" sizes=\"(max-width: 590px) 100vw, 590px\" \/><br \/>\nTirsdag 14. april under konferansemiddagen fikk General Wilhelm Mohr FoFs hederspris. Vinneren av Flyoperativt Forums pris 2015 startet sin karriere p\u00e5 H\u00e6rens Flyskole i 1937 f\u00f8r mange av v\u00e5re foreldre var f\u00f8dt. Under krigen var han skvadronsjef p\u00e5 332 og han ble i statsr\u00e5d 4. september 1942 tildelt Krigskorset \u00abfor med mot og plikttroskap \u00e5 ha ledet norske flygeavdelinger, og for personlig innsats under operasjoner gjennem lengere tid.\u00bb Det ble i innstillingen vist til lengre tids deltakelse i offensive oppdrag og kamp, og anf\u00f8rt at han hadde \u00ab40 offensive &#8216;sweeps&#8217; og 2 fly &#8216;damaged&#8217;.\u00bb<\/p>\n<p>Mange av oss har sett programmet om kj\u00f8p av redningshelikopter og at han er en mann av handling er vel dette et bevis for. Et par telefoner og vips s\u00e5 hadde man redningshelikoptre i Norge.<br \/>\nMen hans karriere eller virke for sikker og trygg flyging stoppet ikke her. Fra 1970 til 1976 var han formann i Norsk Aero Klubb, et verv som for \u00f8vrig heter president i dag og som v\u00e5r egen Rolf Liland innehar i dag.<br \/>\nFra 1976 \u2013 1989 var han leder for havarikommisjonen og han var visjon\u00e6r, han forsto veldig godt hva flysikkerhet og flytrygging var og under hans ledelse fjernet man p\u00e5talemyndigheten og man skilte det flytryggings-messige og det strafferettslige.<br \/>\nHan f\u00e5r denne utmerkelsen av oss i FoF for lang og tro tjeneste og sitt engasjement for safety og samarbeid i Norsk milit\u00e6r og sivil luftfart. Han er en genuint interessert pilot og gir sjelden slipp p\u00e5 en mulighet for en flytur, noe vi s\u00e5 da han i fjor fl\u00f8y Spitfire. Han har ved sin profesjonalitet og gode kommunikasjons evner etterlatt seg et Meget godt etterm\u00e6le i norsk luftfart. Flyoperativt Forums pris 2015, for lang og tro tjeneste i luftfarten, tildeles Wilhelm Mohr.<\/p>\n<p><img decoding=\"async\" width=\"590\" height=\"433\" src=\"http:\/\/172-232-150-53.ip.linodeusercontent.com\/wp-content\/uploads\/2016\/10\/2015_award_Mohr_web.jpg\" alt=\"2015_award_mohr_web\" class=\"alignleft size-full wp-image-273\" srcset=\"https:\/\/fof.aero\/wp-content\/uploads\/2016\/10\/2015_award_Mohr_web.jpg 590w, https:\/\/fof.aero\/wp-content\/uploads\/2016\/10\/2015_award_Mohr_web-300x220.jpg 300w\" sizes=\"(max-width: 590px) 100vw, 590px\" \/><\/p>\n","protected":false},"excerpt":{"rendered":"<p>General Wilhelm Mohr mottok FoF&#8217;s \u00e6respris for sitt bidrag til Norsk luftfart. Tirsdag 14. april under konferansemiddagen fikk General Wilhelm Mohr FoFs hederspris. Vinneren av Flyoperativt Forums pris 2015 startet sin karriere p\u00e5 H\u00e6rens Flyskole i 1937 f\u00f8r mange av v\u00e5re foreldre var f\u00f8dt. Under krigen var han skvadronsjef p\u00e5 332 og han ble i&#8230;<\/p>\n","protected":false},"author":1,"featured_media":0,"parent":0,"menu_order":0,"comment_status":"closed","ping_status":"closed","template":"","meta":{"footnotes":""},"class_list":["post-43","page","type-page","status-publish","hentry"],"translation":{"provider":"WPGlobus","version":"3.0.2","language":"en","enabled_languages":["no","en"],"languages":{"no":{"title":true,"content":true,"excerpt":false},"en":{"title":false,"content":false,"excerpt":false}}},"_links":{"self":[{"href":"https:\/\/fof.aero\/en\/wp-json\/wp\/v2\/pages\/43","targetHints":{"allow":["GET"]}}],"collection":[{"href":"https:\/\/fof.aero\/en\/wp-json\/wp\/v2\/pages"}],"about":[{"href":"https:\/\/fof.aero\/en\/wp-json\/wp\/v2\/types\/page"}],"author":[{"embeddable":true,"href":"https:\/\/fof.aero\/en\/wp-json\/wp\/v2\/users\/1"}],"replies":[{"embeddable":true,"href":"https:\/\/fof.aero\/en\/wp-json\/wp\/v2\/comments?post=43"}],"version-history":[{"count":0,"href":"https:\/\/fof.aero\/en\/wp-json\/wp\/v2\/pages\/43\/revisions"}],"wp:attachment":[{"href":"https:\/\/fof.aero\/en\/wp-json\/wp\/v2\/media?parent=43"}],"curies":[{"name":"wp","href":"https:\/\/api.w.org\/{rel}","templated":true}]}}