{"id":49,"date":"2016-10-05T07:47:00","date_gmt":"2016-10-05T05:47:00","guid":{"rendered":"http:\/\/fof.aero\/?page_id=32"},"modified":"2016-10-05T07:47:00","modified_gmt":"2016-10-05T05:47:00","slug":"2013-2","status":"publish","type":"page","link":"https:\/\/fof.aero\/en\/2013-2\/","title":{"rendered":"Agenda 2013"},"content":{"rendered":"<p>AGENDA FLYOPERATIVT FORUM 2013<\/p>\n<p>Flyoperativt Forum&#8217;s \u00e5rlige seminar 8-10. april 2013, det 27de i rekken p\u00e5 Gardermoen.<\/p>\n<p>Arrangementet i 2013 blir som f\u00f8r sv\u00e6rt innholdsrikt med mange spennende foredrag. \u00c5rets konferanse, den 27 i rekken, vil ha hovedtema kultur og safety og Fatigue Risk Management. Tirsdag vil hovedfokus v\u00e6re p\u00e5 sikkerhet og det positive som skjer i luftfarten. Onsdag vil Just culture, utviklingen fra \u00e5 v\u00e6re &#8220;reactive&#8221; til &#8220;predictive&#8221; og Fatigue Risk Management v\u00e6re blant hovedtemaene. Det blir mange spennende foredrag, Brigader Rygg snakker om etterforskningen av Kebnekaise ulykken, et m\u00f8te med en pilot som har g\u00e5tt til sydpolen og en pilot som &#8220;tailscratchet&#8221; samt et m\u00f8te med de tretten f\u00f8rste i Norge som fl\u00f8y F-104 Starfighter.<br \/>\nVelkommen til Norges eneste operative konferanse og bli med oss hvor du vil l\u00e6re av de beste innen sivil luftfart om operative aspekter. Du vil ogs\u00e5 f\u00e5 en anledning til \u00e5 utvide ditt profesjonelle nettverk innen luftfarten.<br \/>\nBekreftede foredragsholdere er Luftfartsdirekt\u00f8r Stein Nodeland, Flight Global&#8217;s David Learmount, Brigader Per-Egil Rygg, Capt. Claus van der Watt, pilot Gregers Gjers\u00f8e (f\u00f8rste danske til sydpolen)<br \/>\nMandag 8. april<br \/>\n18:00 buss fra Quality Airport hotel til Gardermoen flystasjon.<br \/>\nSpekemat med sosialt samv\u00e6r, vi m\u00f8ter de tretten f\u00f8rste p\u00e5 331 som fl\u00f8y F-104, en uformell samtale ved Rolf Liland.<br \/>\n<strong>Tirsdag 9. april<\/strong><br \/>\n\u2022 Velkommen ved m\u00f8teleder<br \/>\n\u2022 \u00c5pning ved Luftfartsdirekt\u00f8r Stein Nodeland Confirmed<br \/>\n\u2022 2012 &#8220;in review&#8221; state of the industry, et tilbakeblikk p\u00e5 safety statistikken<br \/>\n\u2022 Kebnekaise ulykken, ved Brigader Per-Egil Rygg Confirmed<br \/>\n\u2022 Understanding how to manage risks and avoid recurring incidents<br \/>\n\u2022 Connecting safety and training with the goal of continous improvement &#8211; Torben L\u00f8vetofte, NPH Crew Training SAS Confirmed<br \/>\n\u2022 Paneldebatt Brigader Per-Egil Rygg, Torben L\u00f8vetofte, SAS og Luftfartsdirekt\u00f8r Stein Nodeland Confirmed<br \/>\n\u2022 F\u00f8rste danske p\u00e5 sydpolen, ekspedisjonen og den flyoperative utfordringen ved SAS pilot Gregers Gjers\u00f8e Confirmed<br \/>\n\u2022 SHT &#8211; aktuelle saker<br \/>\n\u2022 EMAS (Engineered Material Arresting System) &#8211; Kjevik operative erfaringer s\u00e5 langt &#8211; David Heald (Regional Director) Zodiac Aerospace<br \/>\n\u2022 F-104 50 \u00e5r i Norge General major Olav Aamoth Confirmed<br \/>\n\u2022 Festmiddag<\/p>\n<p><strong>Onsdag 10. april<\/strong><br \/>\n\u2022 Just Culture&#8221; safety taken seriously. David Learmount Flightglobal Confirmed<br \/>\n\u2022 Evolution of Aviation Safety &#8211; from Reactive to Predictive, Accident causation &#8211; \u00e5pen foredragsholder<br \/>\n\u2022 CLOP (Criminal Liability Of Aviation personnel) &#8211; Jon Horne, Executive Board Director ECA Confirmed<br \/>\n\u2022 Tailscratch, hvordan kunne det skje? Claus Van der Watt Confirmed<br \/>\n\u2022 Paneldebatt David Learmount, Claus Van der Watt og Jon Horne, Executive Board Director ECA<br \/>\n\u2022 Fatigue Risk Manangement \/ The regulator\u2019s assessment, Assessing overall effectiveness of the FRMS Kathryn Jones UK CAA<br \/>\n\u2022 Avinor &#8211; status og planer for lufthavner, rullebaner, kontrollt\u00e5rn og kontrollsentraler. Langtidsplaner? Aktuelle saker. &#8211; \u00e5pen foredragsholder<br \/>\n\u2022 Anbudsrutene nord av Trondheim &#8211; kvalitetskrav sett fra Luftfartstilsynets side &#8211; Luftfartsdirekt\u00f8ren og spesialr\u00e5dgiver Gudmund Taraldsen<br \/>\n\u2022 Luftromsprosjektet SNAP (Southern Norway Airspace Project) \/ Point Merge p\u00e5 Sola, Flesland og V\u00e6rnes Per Arnt Auen Confirmed<br \/>\n\u2022 Redningshelikoptersaken &#8211; sett fra dagens operat\u00f8r &#8211; ved Oberstl\u00f8ytnant Svein Tore Pettersen Confirmed<br \/>\n\u2022 Avslutning FoF 2013, vi m\u00f8tes 7-9. april 2014.<\/p>\n","protected":false},"excerpt":{"rendered":"<p>AGENDA FLYOPERATIVT FORUM 2013 Flyoperativt Forum&#8217;s \u00e5rlige seminar 8-10. april 2013, det 27de i rekken p\u00e5 Gardermoen. Arrangementet i 2013 blir som f\u00f8r sv\u00e6rt innholdsrikt med mange spennende foredrag. \u00c5rets konferanse, den 27 i rekken, vil ha hovedtema kultur og safety og Fatigue Risk Management. Tirsdag vil hovedfokus v\u00e6re p\u00e5 sikkerhet og det positive som&#8230;<\/p>\n","protected":false},"author":1,"featured_media":0,"parent":0,"menu_order":0,"comment_status":"closed","ping_status":"closed","template":"","meta":{"footnotes":""},"class_list":["post-49","page","type-page","status-publish","hentry"],"translation":{"provider":"WPGlobus","version":"3.0.2","language":"en","enabled_languages":["no","en"],"languages":{"no":{"title":true,"content":true,"excerpt":false},"en":{"title":false,"content":false,"excerpt":false}}},"_links":{"self":[{"href":"https:\/\/fof.aero\/en\/wp-json\/wp\/v2\/pages\/49","targetHints":{"allow":["GET"]}}],"collection":[{"href":"https:\/\/fof.aero\/en\/wp-json\/wp\/v2\/pages"}],"about":[{"href":"https:\/\/fof.aero\/en\/wp-json\/wp\/v2\/types\/page"}],"author":[{"embeddable":true,"href":"https:\/\/fof.aero\/en\/wp-json\/wp\/v2\/users\/1"}],"replies":[{"embeddable":true,"href":"https:\/\/fof.aero\/en\/wp-json\/wp\/v2\/comments?post=49"}],"version-history":[{"count":0,"href":"https:\/\/fof.aero\/en\/wp-json\/wp\/v2\/pages\/49\/revisions"}],"wp:attachment":[{"href":"https:\/\/fof.aero\/en\/wp-json\/wp\/v2\/media?parent=49"}],"curies":[{"name":"wp","href":"https:\/\/api.w.org\/{rel}","templated":true}]}}