{"id":645,"date":"2018-04-14T01:09:41","date_gmt":"2018-04-13T23:09:41","guid":{"rendered":"http:\/\/fof.aero\/?page_id=645"},"modified":"2025-01-16T18:44:27","modified_gmt":"2025-01-16T18:44:27","slug":"2018-award","status":"publish","type":"page","link":"https:\/\/fof.aero\/en\/2018-award\/","title":{"rendered":"2018 Award"},"content":{"rendered":"<p>CGE Risk Management og AVSAX ble av deltagerne p\u00e5 konferansen stemt frem med beste innovative produkt.<img fetchpriority=\"high\" decoding=\"async\" class=\"alignleft size-full wp-image-658\" src=\"http:\/\/172-232-150-53.ip.linodeusercontent.com\/wp-content\/uploads\/2018\/04\/2018_04_award_CGE_web.jpg\" alt=\"\" width=\"590\" height=\"438\" srcset=\"https:\/\/fof.aero\/wp-content\/uploads\/2018\/04\/2018_04_award_CGE_web.jpg 590w, https:\/\/fof.aero\/wp-content\/uploads\/2018\/04\/2018_04_award_CGE_web-300x223.jpg 300w\" sizes=\"(max-width: 590px) 100vw, 590px\" \/><\/p>\n<p><strong>CGE Risk Management<\/strong> har utviklet en &#8220;BowTieServer&#8221; der man p\u00e5 en oversiktlig og god m\u00e5te f\u00e5r data fra operasjonen presentert for management.<\/p>\n<p>&nbsp;<\/p>\n<p>&nbsp;<\/p>\n<p>&nbsp;<\/p>\n<p>&nbsp;<\/p>\n<p><strong><img decoding=\"async\" class=\"alignleft size-full wp-image-656\" src=\"http:\/\/172-232-150-53.ip.linodeusercontent.com\/wp-content\/uploads\/2018\/04\/2018_04_award_web.jpg\" alt=\"\" width=\"590\" height=\"434\" srcset=\"https:\/\/fof.aero\/wp-content\/uploads\/2018\/04\/2018_04_award_web.jpg 590w, https:\/\/fof.aero\/wp-content\/uploads\/2018\/04\/2018_04_award_web-300x221.jpg 300w\" sizes=\"(max-width: 590px) 100vw, 590px\" \/>AVSAX<\/strong> har utviklet en bag der man kan legge en telefon, nettbrett eller PC i dersom man har en &#8220;battery fire&#8221;.<\/p>\n","protected":false},"excerpt":{"rendered":"<p>CGE Risk Management og AVSAX ble av deltagerne p\u00e5 konferansen stemt frem med beste innovative produkt. CGE Risk Management har utviklet en &#8220;BowTieServer&#8221; der man p\u00e5 en oversiktlig og god m\u00e5te f\u00e5r data fra operasjonen presentert for management. &nbsp; &nbsp; &nbsp; &nbsp; AVSAX har utviklet en bag der man kan legge en telefon, nettbrett eller&#8230;<\/p>\n","protected":false},"author":1,"featured_media":0,"parent":0,"menu_order":0,"comment_status":"closed","ping_status":"closed","template":"","meta":{"footnotes":""},"class_list":["post-645","page","type-page","status-publish","hentry"],"translation":{"provider":"WPGlobus","version":"3.0.2","language":"en","enabled_languages":["no","en"],"languages":{"no":{"title":true,"content":true,"excerpt":false},"en":{"title":false,"content":false,"excerpt":false}}},"_links":{"self":[{"href":"https:\/\/fof.aero\/en\/wp-json\/wp\/v2\/pages\/645","targetHints":{"allow":["GET"]}}],"collection":[{"href":"https:\/\/fof.aero\/en\/wp-json\/wp\/v2\/pages"}],"about":[{"href":"https:\/\/fof.aero\/en\/wp-json\/wp\/v2\/types\/page"}],"author":[{"embeddable":true,"href":"https:\/\/fof.aero\/en\/wp-json\/wp\/v2\/users\/1"}],"replies":[{"embeddable":true,"href":"https:\/\/fof.aero\/en\/wp-json\/wp\/v2\/comments?post=645"}],"version-history":[{"count":2,"href":"https:\/\/fof.aero\/en\/wp-json\/wp\/v2\/pages\/645\/revisions"}],"predecessor-version":[{"id":2423,"href":"https:\/\/fof.aero\/en\/wp-json\/wp\/v2\/pages\/645\/revisions\/2423"}],"wp:attachment":[{"href":"https:\/\/fof.aero\/en\/wp-json\/wp\/v2\/media?parent=645"}],"curies":[{"name":"wp","href":"https:\/\/api.w.org\/{rel}","templated":true}]}}