{"id":9,"date":"2024-12-10T22:09:53","date_gmt":"2024-12-10T22:09:53","guid":{"rendered":"https:\/\/172-232-150-53.ip.linodeusercontent.com\/?page_id=9"},"modified":"2026-05-06T13:31:59","modified_gmt":"2026-05-06T13:31:59","slug":"welcome-to-flight-operational-forum-norway","status":"publish","type":"page","link":"https:\/\/fof.aero\/en\/","title":{"rendered":"Welcome to Flight Operational Forum \u2013 Norway"},"content":{"rendered":"\t\t<div data-elementor-type=\"wp-page\" data-elementor-id=\"9\" class=\"elementor elementor-9\" data-elementor-post-type=\"page\">\n\t\t\t\t<div class=\"elementor-element elementor-element-68b12d9 e-con-full e-flex e-con e-parent\" data-id=\"68b12d9\" data-element_type=\"container\">\n\t\t<div class=\"elementor-element elementor-element-8ef0117 e-con-full e-flex e-con e-child\" data-id=\"8ef0117\" data-element_type=\"container\">\n\t\t\t\t<div class=\"elementor-element elementor-element-a651afb elementor-widget elementor-widget-heading\" data-id=\"a651afb\" data-element_type=\"widget\" data-widget_type=\"heading.default\">\n\t\t\t\t<div class=\"elementor-widget-container\">\n\t\t\t\t\t<h4 class=\"elementor-heading-title elementor-size-default\">Next FoF Safety conference is 5-7 April 2027. \n\nReserve the dates and put in your calendar.<\/h4>\t\t\t\t<\/div>\n\t\t\t\t<\/div>\n\t\t\t\t<\/div>\n\t\t<div class=\"elementor-element elementor-element-01b077e e-con-full e-flex e-con e-child\" data-id=\"01b077e\" data-element_type=\"container\">\n\t\t\t\t<div class=\"elementor-element elementor-element-371f0be elementor-widget elementor-widget-heading\" data-id=\"371f0be\" data-element_type=\"widget\" data-widget_type=\"heading.default\">\n\t\t\t\t<div class=\"elementor-widget-container\">\n\t\t\t\t\t<h2 class=\"elementor-heading-title elementor-size-default\">Velkommen til Flyoperativt Forum<\/h2>\t\t\t\t<\/div>\n\t\t\t\t<\/div>\n\t\t\t\t<div class=\"elementor-element elementor-element-71515cc elementor-widget elementor-widget-text-editor\" data-id=\"71515cc\" data-element_type=\"widget\" data-widget_type=\"text-editor.default\">\n\t\t\t\t<div class=\"elementor-widget-container\">\n\t\t\t\t\t\t\t\t\t<p><span style=\"font-size: 16px; text-align: var(--text-align); letter-spacing: 0.8px;\">FoF sin 39ende konferanse ble avviklet 7-9. april. Vi har f\u00e5tt veldig mange gode tilbakemeldinger og neste \u00e5r er konferanse # 40! Vi lager litt ekstra ut av det og vi kommer snart tilbake med litt oppdateringer. Programmet kommer til \u00e5 bli spennende.<\/span><\/p><p><span style=\"font-size: 16px; text-align: var(--text-align); letter-spacing: 0.8px;\">FoF \u2013 MORE THAN 39 YEARS FOR SCANDINAVIAN AVIATION<\/span><\/p><p><strong>FLYOPERATIVT FORUM<\/strong><br \/>Flyoperativt Forum er en operativ luftfartskonferanse som samler flyoperativt personell p\u00e5 ledelsesniv\u00e5 fra alle selskap\/akt\u00f8rer i norsk og nordisk luftfart p\u00e5 v\u00e5ren hvert \u00e5r. Siste konferanse var 23-25. mars 2026. Neste konferanse blir 7-9. april 2027, da er det 40 \u00e5r siden FoF ble startet og det kommer vi til \u00e5 markere med flere overraskelser til deltagerne, s\u00e5 sett av datoene allerede n\u00e5.<\/p><p>De senere \u00e5rs utvikling innen norsk luftfart med en betydelig \u00f8kning av antall flyoperat\u00f8rer, flere flyplasser og mer sofistikert materiell, har f\u00f8rt til et \u00f8kt behov for samarbeid og koordinering av saker som har felles operativ interesse. Representanter for fly og helikopterselskaper, Samferdselsdepartementet (SD), Avinor, Luftfartstilsynet (LT), Statens Havarikommisjon for Transport (SHT), Luftforsvaret og andre involverte myndigheter og organisasjoner er blant deltagerne ved konferansen.<\/p><p>P\u00e5 v\u00e5re nettsider finner du stoff relatert til v\u00e5r \u00e5rlige konferanse og v\u00e5rt arbeid for \u00e5 fremme og bidra til den operative flysikkerheten. Agenda for konferansene, presentasjon av arbeidsutvalget og agenda fra tidligere forum og linker til andre luftfartsrelaterte sider er ogs\u00e5 noe av det du finner p\u00e5 disse sidene. FoF.<\/p>\t\t\t\t\t\t\t\t<\/div>\n\t\t\t\t<\/div>\n\t\t\t\t<\/div>\n\t\t\t\t<\/div>\n\t\t<div class=\"elementor-element elementor-element-1733e1f e-flex e-con-boxed e-con e-parent\" data-id=\"1733e1f\" data-element_type=\"container\" data-settings=\"{&quot;background_background&quot;:&quot;classic&quot;}\">\n\t\t\t\t\t<div class=\"e-con-inner\">\n\t\t\t\t<div class=\"elementor-element elementor-element-50c7df4 elementor-widget elementor-widget-heading\" data-id=\"50c7df4\" data-element_type=\"widget\" data-widget_type=\"heading.default\">\n\t\t\t\t<div class=\"elementor-widget-container\">\n\t\t\t\t\t<h2 class=\"elementor-heading-title elementor-size-default\">FoF Gold Sponsors 2026<\/h2>\t\t\t\t<\/div>\n\t\t\t\t<\/div>\n\t\t\t\t\t<\/div>\n\t\t\t\t<\/div>\n\t\t<div class=\"elementor-element elementor-element-3ed6665 e-flex e-con-boxed e-con e-parent\" data-id=\"3ed6665\" data-element_type=\"container\" data-settings=\"{&quot;background_background&quot;:&quot;classic&quot;}\">\n\t\t\t\t\t<div class=\"e-con-inner\">\n\t\t<div class=\"elementor-element elementor-element-c80a1bb e-con-full e-flex e-con e-child\" data-id=\"c80a1bb\" data-element_type=\"container\">\n\t\t<div class=\"elementor-element elementor-element-62c4483 e-con-full e-flex e-con e-child\" data-id=\"62c4483\" data-element_type=\"container\">\n\t\t\t\t<div class=\"elementor-element elementor-element-52d5aa2 elementor-widget elementor-widget-image\" data-id=\"52d5aa2\" data-element_type=\"widget\" data-widget_type=\"image.default\">\n\t\t\t\t<div class=\"elementor-widget-container\">\n\t\t\t\t\t\t\t\t\t\t\t\t\t\t\t<img fetchpriority=\"high\" decoding=\"async\" width=\"312\" height=\"176\" src=\"https:\/\/fof.aero\/wp-content\/uploads\/2025\/02\/Sundt-Air-Logo-16-9.png\" class=\"attachment-large size-large wp-image-2637\" alt=\"\" srcset=\"https:\/\/fof.aero\/wp-content\/uploads\/2025\/02\/Sundt-Air-Logo-16-9.png 312w, https:\/\/fof.aero\/wp-content\/uploads\/2025\/02\/Sundt-Air-Logo-16-9-300x169.png 300w\" sizes=\"(max-width: 312px) 100vw, 312px\" \/>\t\t\t\t\t\t\t\t\t\t\t\t\t\t\t<\/div>\n\t\t\t\t<\/div>\n\t\t\t\t<\/div>\n\t\t\t\t<\/div>\n\t\t<div class=\"elementor-element elementor-element-5440d94 e-con-full e-flex e-con e-child\" data-id=\"5440d94\" data-element_type=\"container\">\n\t\t<div class=\"elementor-element elementor-element-67581d6 e-con-full e-flex e-con e-child\" data-id=\"67581d6\" data-element_type=\"container\">\n\t\t\t\t<div class=\"elementor-element elementor-element-dd17b75 elementor-widget elementor-widget-image\" data-id=\"dd17b75\" data-element_type=\"widget\" data-widget_type=\"image.default\">\n\t\t\t\t<div class=\"elementor-widget-container\">\n\t\t\t\t\t\t\t\t\t\t\t\t\t\t\t<img decoding=\"async\" width=\"560\" height=\"124\" src=\"https:\/\/fof.aero\/wp-content\/uploads\/2025\/02\/runway-safe-logo.png\" class=\"attachment-large size-large wp-image-2636\" alt=\"\" srcset=\"https:\/\/fof.aero\/wp-content\/uploads\/2025\/02\/runway-safe-logo.png 560w, https:\/\/fof.aero\/wp-content\/uploads\/2025\/02\/runway-safe-logo-300x66.webp 300w\" sizes=\"(max-width: 560px) 100vw, 560px\" \/>\t\t\t\t\t\t\t\t\t\t\t\t\t\t\t<\/div>\n\t\t\t\t<\/div>\n\t\t\t\t<\/div>\n\t\t\t\t<\/div>\n\t\t\t\t\t<\/div>\n\t\t\t\t<\/div>\n\t\t<div class=\"elementor-element elementor-element-4afd0c5 e-flex e-con-boxed e-con e-parent\" data-id=\"4afd0c5\" data-element_type=\"container\" data-settings=\"{&quot;background_background&quot;:&quot;classic&quot;}\">\n\t\t\t\t\t<div class=\"e-con-inner\">\n\t\t\t\t<div class=\"elementor-element elementor-element-18fd2c7 elementor-widget elementor-widget-image\" data-id=\"18fd2c7\" data-element_type=\"widget\" data-widget_type=\"image.default\">\n\t\t\t\t<div class=\"elementor-widget-container\">\n\t\t\t\t\t\t\t\t\t\t\t\t\t\t\t<img decoding=\"async\" width=\"640\" height=\"118\" src=\"https:\/\/fof.aero\/wp-content\/uploads\/2026\/02\/safety500-768x142.png\" class=\"attachment-medium_large size-medium_large wp-image-3120\" alt=\"\" srcset=\"https:\/\/fof.aero\/wp-content\/uploads\/2026\/02\/safety500-768x142.png 768w, https:\/\/fof.aero\/wp-content\/uploads\/2026\/02\/safety500-300x55.png 300w, https:\/\/fof.aero\/wp-content\/uploads\/2026\/02\/safety500-1024x189.png 1024w, https:\/\/fof.aero\/wp-content\/uploads\/2026\/02\/safety500-1536x284.png 1536w, https:\/\/fof.aero\/wp-content\/uploads\/2026\/02\/safety500-2048x378.png 2048w\" sizes=\"(max-width: 640px) 100vw, 640px\" \/>\t\t\t\t\t\t\t\t\t\t\t\t\t\t\t<\/div>\n\t\t\t\t<\/div>\n\t\t\t\t\t<\/div>\n\t\t\t\t<\/div>\n\t\t<div class=\"elementor-element elementor-element-c6eef43 e-flex e-con-boxed e-con e-parent\" data-id=\"c6eef43\" data-element_type=\"container\" data-settings=\"{&quot;background_background&quot;:&quot;classic&quot;}\">\n\t\t\t\t\t<div class=\"e-con-inner\">\n\t\t\t\t<div class=\"elementor-element elementor-element-2e9993b elementor-widget elementor-widget-heading\" data-id=\"2e9993b\" data-element_type=\"widget\" data-widget_type=\"heading.default\">\n\t\t\t\t<div class=\"elementor-widget-container\">\n\t\t\t\t\t<h2 class=\"elementor-heading-title elementor-size-default\">FoF Silver Sponsor 2026<\/h2>\t\t\t\t<\/div>\n\t\t\t\t<\/div>\n\t\t<div class=\"elementor-element elementor-element-fbcb291 e-con-full e-flex e-con e-child\" data-id=\"fbcb291\" data-element_type=\"container\">\n\t\t\t\t<div class=\"elementor-element elementor-element-0e8e51e elementor-widget elementor-widget-image\" data-id=\"0e8e51e\" data-element_type=\"widget\" data-widget_type=\"image.default\">\n\t\t\t\t<div class=\"elementor-widget-container\">\n\t\t\t\t\t\t\t\t\t\t\t\t\t\t\t<img loading=\"lazy\" decoding=\"async\" width=\"640\" height=\"177\" src=\"https:\/\/fof.aero\/wp-content\/uploads\/2025\/12\/luftfartstilsynet-logo.png\" class=\"attachment-large size-large wp-image-3029\" alt=\"\" srcset=\"https:\/\/fof.aero\/wp-content\/uploads\/2025\/12\/luftfartstilsynet-logo.png 1000w, https:\/\/fof.aero\/wp-content\/uploads\/2025\/12\/luftfartstilsynet-logo-300x83.png 300w, https:\/\/fof.aero\/wp-content\/uploads\/2025\/12\/luftfartstilsynet-logo-768x213.png 768w\" sizes=\"(max-width: 640px) 100vw, 640px\" \/>\t\t\t\t\t\t\t\t\t\t\t\t\t\t\t<\/div>\n\t\t\t\t<\/div>\n\t\t\t\t<\/div>\n\t\t\t\t\t<\/div>\n\t\t\t\t<\/div>\n\t\t<div class=\"elementor-element elementor-element-1c7ff69 e-flex e-con-boxed e-con e-parent\" data-id=\"1c7ff69\" data-element_type=\"container\" data-settings=\"{&quot;background_background&quot;:&quot;classic&quot;}\">\n\t\t\t\t\t<div class=\"e-con-inner\">\n\t\t\t\t<div class=\"elementor-element elementor-element-c1e1c7a elementor-widget elementor-widget-heading\" data-id=\"c1e1c7a\" data-element_type=\"widget\" data-widget_type=\"heading.default\">\n\t\t\t\t<div class=\"elementor-widget-container\">\n\t\t\t\t\t<h2 class=\"elementor-heading-title elementor-size-default\">FoF Bronze Sponsors 2026<\/h2>\t\t\t\t<\/div>\n\t\t\t\t<\/div>\n\t\t\t\t\t<\/div>\n\t\t\t\t<\/div>\n\t\t<div class=\"elementor-element elementor-element-57b2425 e-flex e-con-boxed e-con e-parent\" data-id=\"57b2425\" data-element_type=\"container\" data-settings=\"{&quot;background_background&quot;:&quot;classic&quot;}\">\n\t\t\t\t\t<div class=\"e-con-inner\">\n\t\t<div class=\"elementor-element elementor-element-f71f46e e-con-full e-flex e-con e-child\" data-id=\"f71f46e\" data-element_type=\"container\">\n\t\t<div class=\"elementor-element elementor-element-af5c121 e-con-full e-flex e-con e-child\" data-id=\"af5c121\" data-element_type=\"container\">\n\t\t\t\t<div class=\"elementor-element elementor-element-5fd2401 elementor-widget elementor-widget-image\" data-id=\"5fd2401\" data-element_type=\"widget\" data-widget_type=\"image.default\">\n\t\t\t\t<div class=\"elementor-widget-container\">\n\t\t\t\t\t\t\t\t\t\t\t\t\t\t\t<img loading=\"lazy\" decoding=\"async\" width=\"640\" height=\"92\" src=\"https:\/\/fof.aero\/wp-content\/uploads\/2025\/04\/unnamed.webp\" class=\"attachment-large size-large wp-image-2714\" alt=\"\" srcset=\"https:\/\/fof.aero\/wp-content\/uploads\/2025\/04\/unnamed.webp 640w, https:\/\/fof.aero\/wp-content\/uploads\/2025\/04\/unnamed-300x43.webp 300w\" sizes=\"(max-width: 640px) 100vw, 640px\" \/>\t\t\t\t\t\t\t\t\t\t\t\t\t\t\t<\/div>\n\t\t\t\t<\/div>\n\t\t\t\t<\/div>\n\t\t<div class=\"elementor-element elementor-element-446350e e-con-full e-flex e-con e-child\" data-id=\"446350e\" data-element_type=\"container\">\n\t\t\t\t<div class=\"elementor-element elementor-element-b5c30ed elementor-widget elementor-widget-image\" data-id=\"b5c30ed\" data-element_type=\"widget\" data-widget_type=\"image.default\">\n\t\t\t\t<div class=\"elementor-widget-container\">\n\t\t\t\t\t\t\t\t\t\t\t\t\t\t\t<img loading=\"lazy\" decoding=\"async\" width=\"640\" height=\"189\" src=\"https:\/\/fof.aero\/wp-content\/uploads\/2025\/01\/filled-orange-slogan-side-white-1024x302.png\" class=\"attachment-large size-large wp-image-2514\" alt=\"\" srcset=\"https:\/\/fof.aero\/wp-content\/uploads\/2025\/01\/filled-orange-slogan-side-white-1024x302.png 1024w, https:\/\/fof.aero\/wp-content\/uploads\/2025\/01\/filled-orange-slogan-side-white-300x89.png 300w, https:\/\/fof.aero\/wp-content\/uploads\/2025\/01\/filled-orange-slogan-side-white-768x227.png 768w, https:\/\/fof.aero\/wp-content\/uploads\/2025\/01\/filled-orange-slogan-side-white-1536x453.png 1536w, https:\/\/fof.aero\/wp-content\/uploads\/2025\/01\/filled-orange-slogan-side-white-2048x605.png 2048w\" sizes=\"(max-width: 640px) 100vw, 640px\" \/>\t\t\t\t\t\t\t\t\t\t\t\t\t\t\t<\/div>\n\t\t\t\t<\/div>\n\t\t\t\t<\/div>\n\t\t\t\t<\/div>\n\t\t<div class=\"elementor-element elementor-element-006f2d4 e-con-full e-flex e-con e-child\" data-id=\"006f2d4\" data-element_type=\"container\">\n\t\t<div class=\"elementor-element elementor-element-70afab3 e-con-full e-flex e-con e-child\" data-id=\"70afab3\" data-element_type=\"container\">\n\t\t<div class=\"elementor-element elementor-element-2bb90bf e-con-full e-flex e-con e-child\" data-id=\"2bb90bf\" data-element_type=\"container\">\n\t\t\t\t<div class=\"elementor-element elementor-element-14a9494 elementor-widget__width-initial elementor-widget elementor-widget-image\" data-id=\"14a9494\" data-element_type=\"widget\" data-widget_type=\"image.default\">\n\t\t\t\t<div class=\"elementor-widget-container\">\n\t\t\t\t\t\t\t\t\t\t\t\t\t\t\t<img loading=\"lazy\" decoding=\"async\" width=\"640\" height=\"125\" src=\"https:\/\/fof.aero\/wp-content\/uploads\/2025\/02\/lo-norge-skjerm-rgb-1024x200.webp\" class=\"attachment-large size-large wp-image-2634\" alt=\"\" srcset=\"https:\/\/fof.aero\/wp-content\/uploads\/2025\/02\/lo-norge-skjerm-rgb-1024x200.webp 1024w, https:\/\/fof.aero\/wp-content\/uploads\/2025\/02\/lo-norge-skjerm-rgb-300x59.webp 300w, https:\/\/fof.aero\/wp-content\/uploads\/2025\/02\/lo-norge-skjerm-rgb-768x150.webp 768w, https:\/\/fof.aero\/wp-content\/uploads\/2025\/02\/lo-norge-skjerm-rgb-1536x300.webp 1536w, https:\/\/fof.aero\/wp-content\/uploads\/2025\/02\/lo-norge-skjerm-rgb-2048x401.webp 1920w\" sizes=\"(max-width: 640px) 100vw, 640px\" \/>\t\t\t\t\t\t\t\t\t\t\t\t\t\t\t<\/div>\n\t\t\t\t<\/div>\n\t\t\t\t<\/div>\n\t\t<div class=\"elementor-element elementor-element-3018763 e-con-full e-flex e-con e-child\" data-id=\"3018763\" data-element_type=\"container\">\n\t\t\t\t<div class=\"elementor-element elementor-element-713c5e7 elementor-widget elementor-widget-image\" data-id=\"713c5e7\" data-element_type=\"widget\" data-widget_type=\"image.default\">\n\t\t\t\t<div class=\"elementor-widget-container\">\n\t\t\t\t\t\t\t\t\t\t\t\t\t\t\t<img loading=\"lazy\" decoding=\"async\" width=\"640\" height=\"320\" src=\"https:\/\/fof.aero\/wp-content\/uploads\/2026\/02\/Untitled-29-x-18-cm-2-1024x512.png\" class=\"attachment-large size-large wp-image-3116\" alt=\"\" srcset=\"https:\/\/fof.aero\/wp-content\/uploads\/2026\/02\/Untitled-29-x-18-cm-2-1024x512.png 1024w, https:\/\/fof.aero\/wp-content\/uploads\/2026\/02\/Untitled-29-x-18-cm-2-300x150.png 300w, https:\/\/fof.aero\/wp-content\/uploads\/2026\/02\/Untitled-29-x-18-cm-2-768x384.png 768w, https:\/\/fof.aero\/wp-content\/uploads\/2026\/02\/Untitled-29-x-18-cm-2-1536x768.png 1536w, https:\/\/fof.aero\/wp-content\/uploads\/2026\/02\/Untitled-29-x-18-cm-2.png 2000w\" sizes=\"(max-width: 640px) 100vw, 640px\" \/>\t\t\t\t\t\t\t\t\t\t\t\t\t\t\t<\/div>\n\t\t\t\t<\/div>\n\t\t\t\t<\/div>\n\t\t\t\t<\/div>\n\t\t\t\t<\/div>\n\t\t\t\t\t<\/div>\n\t\t\t\t<\/div>\n\t\t\t\t<\/div>\n\t\t","protected":false},"excerpt":{"rendered":"<p>Next FoF Safety conference is 5-7 April 2027. Reserve the dates and put in your calendar. Velkommen til Flyoperativt Forum FoF sin 39ende konferanse ble avviklet 7-9. april. Vi har f\u00e5tt veldig mange gode tilbakemeldinger og neste \u00e5r er konferanse # 40! Vi lager litt ekstra ut av det og vi kommer snart tilbake med&#8230;<\/p>\n","protected":false},"author":1,"featured_media":0,"parent":0,"menu_order":0,"comment_status":"closed","ping_status":"closed","template":"elementor_header_footer","meta":{"footnotes":""},"class_list":["post-9","page","type-page","status-publish","hentry"],"translation":{"provider":"WPGlobus","version":"3.0.2","language":"en","enabled_languages":["no","en"],"languages":{"no":{"title":true,"content":true,"excerpt":false},"en":{"title":true,"content":false,"excerpt":false}}},"_links":{"self":[{"href":"https:\/\/fof.aero\/en\/wp-json\/wp\/v2\/pages\/9","targetHints":{"allow":["GET"]}}],"collection":[{"href":"https:\/\/fof.aero\/en\/wp-json\/wp\/v2\/pages"}],"about":[{"href":"https:\/\/fof.aero\/en\/wp-json\/wp\/v2\/types\/page"}],"author":[{"embeddable":true,"href":"https:\/\/fof.aero\/en\/wp-json\/wp\/v2\/users\/1"}],"replies":[{"embeddable":true,"href":"https:\/\/fof.aero\/en\/wp-json\/wp\/v2\/comments?post=9"}],"version-history":[{"count":306,"href":"https:\/\/fof.aero\/en\/wp-json\/wp\/v2\/pages\/9\/revisions"}],"predecessor-version":[{"id":3378,"href":"https:\/\/fof.aero\/en\/wp-json\/wp\/v2\/pages\/9\/revisions\/3378"}],"wp:attachment":[{"href":"https:\/\/fof.aero\/en\/wp-json\/wp\/v2\/media?parent=9"}],"curies":[{"name":"wp","href":"https:\/\/api.w.org\/{rel}","templated":true}]}}